{"id":371,"date":"2023-12-07T12:53:29","date_gmt":"2023-12-07T12:53:29","guid":{"rendered":"https:\/\/sccl.com\/?page_id=371"},"modified":"2024-01-03T17:18:04","modified_gmt":"2024-01-03T17:18:04","slug":"terms-of-service","status":"publish","type":"page","link":"https:\/\/sccl.com\/es\/terms-of-service\/","title":{"rendered":"Condiciones de uso"},"content":{"rendered":"<div data-elementor-type=\"wp-page\" data-elementor-id=\"371\" class=\"elementor elementor-371\" data-elementor-post-type=\"page\">\n\t\t\t\t<div class=\"elementor-element elementor-element-3b51429 e-flex e-con-boxed e-con e-parent\" data-id=\"3b51429\" data-element_type=\"container\" data-e-type=\"container\" data-settings=\"{&quot;jet_parallax_layout_list&quot;:[]}\">\n\t\t\t\t\t<div class=\"e-con-inner\">\n\t\t\t\t<div class=\"elementor-element elementor-element-998854f elementor-widget elementor-widget-heading\" data-id=\"998854f\" data-element_type=\"widget\" data-e-type=\"widget\" data-widget_type=\"heading.default\">\n\t\t\t\t<div class=\"elementor-widget-container\">\n\t\t\t\t\t<h2 class=\"elementor-heading-title elementor-size-default\">Condiciones de uso<\/h2>\t\t\t\t<\/div>\n\t\t\t\t<\/div>\n\t\t\t\t\t<\/div>\n\t\t\t\t<\/div>\n\t\t<div class=\"elementor-element elementor-element-4c708e6 e-flex e-con-boxed e-con e-parent\" data-id=\"4c708e6\" data-element_type=\"container\" data-e-type=\"container\" data-settings=\"{&quot;jet_parallax_layout_list&quot;:[]}\">\n\t\t\t\t\t<div class=\"e-con-inner\">\n\t\t\t\t<div class=\"elementor-element elementor-element-226f686 elementor-widget elementor-widget-text-editor\" data-id=\"226f686\" data-element_type=\"widget\" data-e-type=\"widget\" data-widget_type=\"text-editor.default\">\n\t\t\t\t<div class=\"elementor-widget-container\">\n\t\t\t\t\t\t\t\t\t<p>(1) Introducci\u00f3n - Esta cl\u00e1usula de exenci\u00f3n de responsabilidad rige el uso de nuestro sitio web; al utilizar nuestro sitio web, usted acepta esta cl\u00e1usula de exenci\u00f3n de responsabilidad en su totalidad. Si no est\u00e1 de acuerdo con alguna parte de esta cl\u00e1usula de exenci\u00f3n de responsabilidad, no utilice nuestro sitio web.<\/p><p>(2) Derechos de propiedad intelectual - Salvo que se indique lo contrario, nosotros o nuestros licenciantes somos los propietarios de los derechos de propiedad intelectual del sitio web y del material que contiene. Con sujeci\u00f3n a la licencia que figura a continuaci\u00f3n, todos nuestros derechos de propiedad intelectual est\u00e1n reservados.<\/p><p>(3) Licencia de uso del sitio web: puede ver, descargar con fines de almacenamiento en cach\u00e9 \u00fanicamente e imprimir p\u00e1ginas del sitio web, siempre que:<\/p><p>(a) No debe volver a publicar material de este sitio web (incluida la republicaci\u00f3n en otro sitio web), ni reproducir o almacenar material de este sitio web en ning\u00fan sistema de recuperaci\u00f3n electr\u00f3nica p\u00fablico o privado. (Aunque fomentamos el uso justo para fines acad\u00e9micos \/ no comerciales);<\/p><p>(b) No debe reproducir, duplicar, copiar, vender, revender, visitar o explotar de cualquier otro modo nuestro sitio web o el material de nuestro sitio web con fines comerciales, sin nuestro consentimiento expreso por escrito;<\/p><p>(4) Limitaciones de responsabilidad - La informaci\u00f3n contenida en este sitio web se proporciona de forma gratuita, y usted reconoce que no ser\u00eda razonable hacernos responsables con respecto a este sitio web y a la informaci\u00f3n contenida en el mismo.<\/p><p>Aunque nos esforzamos por asegurar que la informaci\u00f3n de este sitio web sea correcta, no garantizamos que sea completa o exacta; tampoco nos comprometemos a asegurar que el sitio web siga estando disponible o que el material de este sitio web se mantenga actualizado.<\/p><p>En la medida m\u00e1xima permitida por la ley aplicable, excluimos todas las representaciones, garant\u00edas y condiciones (incluyendo, sin limitaci\u00f3n, las condiciones impl\u00edcitas por ley de calidad satisfactoria, idoneidad para el prop\u00f3sito y el uso de cuidado y habilidad razonables).<\/p><p>Nuestra responsabilidad est\u00e1 limitada y excluida en la m\u00e1xima medida permitida por la legislaci\u00f3n aplicable. No seremos responsables de ninguna p\u00e9rdida o da\u00f1o directo, indirecto o consecuente que surja en virtud de esta cl\u00e1usula de exenci\u00f3n de responsabilidad o en relaci\u00f3n con nuestro sitio web, ya sea por agravio, contrato o de otro modo, incluyendo, sin limitaci\u00f3n, cualquier p\u00e9rdida de beneficios, contratos, negocios, fondo de comercio, datos, ingresos o ahorros previstos.<\/p><p>Sin embargo, nada en esta cl\u00e1usula de exenci\u00f3n de responsabilidad excluir\u00e1 o limitar\u00e1 nuestra responsabilidad por fraude, por muerte o lesiones personales causadas por nuestra negligencia, o por cualquier otra responsabilidad que no pueda excluirse o limitarse en virtud de la legislaci\u00f3n aplicable.<\/p><p>(5) Publicaci\u00f3n en foros \/ comentarios - No debe utilizar nuestro sitio web de ninguna manera que cause o pueda causar da\u00f1os al sitio web o perjudicar la disponibilidad o accesibilidad del sitio web.<\/p><p>No debe utilizar nuestro sitio web de ninguna manera que sea il\u00edcita, ilegal, fraudulenta o perjudicial, o en relaci\u00f3n con cualquier prop\u00f3sito o actividad il\u00edcita, ilegal, fraudulenta o perjudicial.<\/p><p>No debe utilizar nuestro sitio web para fines relacionados con el marketing sin nuestro consentimiento expreso por escrito.<\/p><p>No debe utilizar nuestro sitio web para copiar, publicar o enviar correos masivos o spam.<\/p><p>No debe utilizar nuestro sitio web para copiar, publicar o enviar material que sea ilegal o il\u00edcito, o material que pueda dar lugar a acciones legales en virtud de la legislaci\u00f3n inglesa y otras leyes aplicables. Todo el material que copie, publique o env\u00ede a trav\u00e9s de nuestro sitio web no debe ser difamatorio, obsceno, indecente, odioso, discriminatorio ni incendiario; dicho material no debe infringir los derechos de propiedad intelectual ni los derechos de confianza de ninguna persona, vulnerar la privacidad de ninguna persona ni constituir una incitaci\u00f3n a cometer un delito; adem\u00e1s, el material no debe ser enga\u00f1oso, pornogr\u00e1fico, amenazador, abusivo, acosador ni amenazador.<\/p><p>Nos reservamos el derecho a editar o eliminar cualquier material publicado en nuestro sitio web.<\/p><p>Podremos tomar las medidas que consideremos oportunas para hacer frente a la publicaci\u00f3n de material inadecuado, incluida la suspensi\u00f3n o cancelaci\u00f3n de su cuenta, la restricci\u00f3n de su acceso a nuestro sitio web o el inicio de acciones legales contra usted.<\/p><p>Con respecto a todo el material que publique en nuestro sitio web, nos concede una licencia mundial, irrevocable, no exclusiva y libre de regal\u00edas para utilizar, reproducir, adaptar, publicar, traducir y distribuir dicho material en cualquier medio, junto con el derecho a sublicenciar tales derechos.<\/p><p>(6) Sitios web de terceros<\/p><p>El sitio web contiene enlaces a otros sitios web. No nos hacemos responsables del contenido de los sitios web de terceros.<\/p><p>(7) Modificaci\u00f3n - Podemos revisar esta cl\u00e1usula de exenci\u00f3n de responsabilidad de vez en cuando. Consulte esta p\u00e1gina con regularidad para asegurarse de que conoce la versi\u00f3n actual.<\/p><p>(8) Acuerdo completo - Este descargo de responsabilidad constituye el acuerdo completo entre usted y nosotros en relaci\u00f3n con su uso de nuestro sitio web, y sustituye a todos los acuerdos anteriores con respecto a su uso de este sitio web.<\/p><p>(9) Ley y jurisdicci\u00f3n - Esta notificaci\u00f3n se regir\u00e1 e interpretar\u00e1 de acuerdo con la ley canadiense, y cualquier disputa relacionada con esta notificaci\u00f3n estar\u00e1 sujeta a la jurisdicci\u00f3n exclusiva de los tribunales de Canad\u00e1.<\/p><p>(10) Nuestros datos de contacto - Puede ponerse en contacto con nosotros por correo electr\u00f3nico en\u00a0<a href=\"mailto:support@devsccl.wpengine.com\">support@sccl.com<\/a><\/p>\t\t\t\t\t\t\t\t<\/div>\n\t\t\t\t<\/div>\n\t\t\t\t\t<\/div>\n\t\t\t\t<\/div>\n\t\t\t\t<\/div>","protected":false},"excerpt":{"rendered":"<p>Terms of Service (1) Introduction \u2013 This disclaimer governs your use of our website; by using our website, you accept this disclaimer in full. If you disagree with any part of this disclaimer, do not use our website. (2) Intellectual Property Rights \u2013 Unless otherwise stated, we or our licensors own the intellectual property rights [&hellip;]<\/p>\n","protected":false},"author":4,"featured_media":0,"parent":0,"menu_order":0,"comment_status":"closed","ping_status":"closed","template":"","meta":{"_acf_changed":false,"content-type":"","_monsterinsights_skip_tracking":false,"_monsterinsights_sitenote_active":false,"_monsterinsights_sitenote_note":"","_monsterinsights_sitenote_category":0,"footnotes":""},"class_list":["post-371","page","type-page","status-publish","hentry"],"acf":[],"yoast_head":"<!-- This site is optimized with the Yoast SEO plugin v27.2 - https:\/\/yoast.com\/product\/yoast-seo-wordpress\/ -->\n<title>Terms of Service - SCCL Site<\/title>\n<meta name=\"robots\" content=\"index, follow, max-snippet:-1, max-image-preview:large, max-video-preview:-1\" \/>\n<link rel=\"canonical\" href=\"https:\/\/sccl.com\/es\/terms-of-service\/\" \/>\n<meta property=\"og:locale\" content=\"es_MX\" \/>\n<meta property=\"og:type\" content=\"article\" \/>\n<meta property=\"og:title\" content=\"Terms of Service - SCCL Site\" \/>\n<meta property=\"og:description\" content=\"Terms of Service (1) Introduction \u2013 This disclaimer governs your use of our website; by using our website, you accept this disclaimer in full. If you disagree with any part of this disclaimer, do not use our website. (2) Intellectual Property Rights \u2013 Unless otherwise stated, we or our licensors own the intellectual property rights [&hellip;]\" \/>\n<meta property=\"og:url\" content=\"https:\/\/sccl.com\/es\/terms-of-service\/\" \/>\n<meta property=\"og:site_name\" content=\"SCCL Site\" \/>\n<meta property=\"article:modified_time\" content=\"2024-01-03T17:18:04+00:00\" \/>\n<meta name=\"twitter:card\" content=\"summary_large_image\" \/>\n<meta name=\"twitter:label1\" content=\"Tiempo de lectura\" \/>\n\t<meta name=\"twitter:data1\" content=\"4 minutos\" \/>\n<script type=\"application\/ld+json\" class=\"yoast-schema-graph\">{\"@context\":\"https:\/\/schema.org\",\"@graph\":[{\"@type\":\"WebPage\",\"@id\":\"https:\/\/sccl.com\/terms-of-service\/\",\"url\":\"https:\/\/sccl.com\/terms-of-service\/\",\"name\":\"Terms of Service - SCCL Site\",\"isPartOf\":{\"@id\":\"https:\/\/sccl.com\/#website\"},\"datePublished\":\"2023-12-07T12:53:29+00:00\",\"dateModified\":\"2024-01-03T17:18:04+00:00\",\"breadcrumb\":{\"@id\":\"https:\/\/sccl.com\/terms-of-service\/#breadcrumb\"},\"inLanguage\":\"es\",\"potentialAction\":[{\"@type\":\"ReadAction\",\"target\":[\"https:\/\/sccl.com\/terms-of-service\/\"]}]},{\"@type\":\"BreadcrumbList\",\"@id\":\"https:\/\/sccl.com\/terms-of-service\/#breadcrumb\",\"itemListElement\":[{\"@type\":\"ListItem\",\"position\":1,\"name\":\"Home\",\"item\":\"https:\/\/sccl.com\/\"},{\"@type\":\"ListItem\",\"position\":2,\"name\":\"Terms of Service\"}]},{\"@type\":\"WebSite\",\"@id\":\"https:\/\/sccl.com\/#website\",\"url\":\"https:\/\/sccl.com\/\",\"name\":\"SCCL Site\",\"description\":\"\",\"publisher\":{\"@id\":\"https:\/\/sccl.com\/#organization\"},\"potentialAction\":[{\"@type\":\"SearchAction\",\"target\":{\"@type\":\"EntryPoint\",\"urlTemplate\":\"https:\/\/sccl.com\/?s={search_term_string}\"},\"query-input\":{\"@type\":\"PropertyValueSpecification\",\"valueRequired\":true,\"valueName\":\"search_term_string\"}}],\"inLanguage\":\"es\"},{\"@type\":\"Organization\",\"@id\":\"https:\/\/sccl.com\/#organization\",\"name\":\"SCCL Site\",\"url\":\"https:\/\/sccl.com\/\",\"logo\":{\"@type\":\"ImageObject\",\"inLanguage\":\"es\",\"@id\":\"https:\/\/sccl.com\/#\/schema\/logo\/image\/\",\"url\":\"https:\/\/sccl.com\/wp-content\/uploads\/2023\/05\/logo.png\",\"contentUrl\":\"https:\/\/sccl.com\/wp-content\/uploads\/2023\/05\/logo.png\",\"width\":100,\"height\":100,\"caption\":\"SCCL Site\"},\"image\":{\"@id\":\"https:\/\/sccl.com\/#\/schema\/logo\/image\/\"}}]}<\/script>\n<!-- \/ Yoast SEO plugin. -->","yoast_head_json":{"title":"Condiciones de servicio - SCCL Site","robots":{"index":"index","follow":"follow","max-snippet":"max-snippet:-1","max-image-preview":"max-image-preview:large","max-video-preview":"max-video-preview:-1"},"canonical":"https:\/\/sccl.com\/es\/terms-of-service\/","og_locale":"es_MX","og_type":"article","og_title":"Terms of Service - SCCL Site","og_description":"Terms of Service (1) Introduction \u2013 This disclaimer governs your use of our website; by using our website, you accept this disclaimer in full. If you disagree with any part of this disclaimer, do not use our website. (2) Intellectual Property Rights \u2013 Unless otherwise stated, we or our licensors own the intellectual property rights [&hellip;]","og_url":"https:\/\/sccl.com\/es\/terms-of-service\/","og_site_name":"SCCL Site","article_modified_time":"2024-01-03T17:18:04+00:00","twitter_card":"summary_large_image","twitter_misc":{"Tiempo de lectura":"4 minutos"},"schema":{"@context":"https:\/\/schema.org","@graph":[{"@type":"WebPage","@id":"https:\/\/sccl.com\/terms-of-service\/","url":"https:\/\/sccl.com\/terms-of-service\/","name":"Condiciones de servicio - SCCL Site","isPartOf":{"@id":"https:\/\/sccl.com\/#website"},"datePublished":"2023-12-07T12:53:29+00:00","dateModified":"2024-01-03T17:18:04+00:00","breadcrumb":{"@id":"https:\/\/sccl.com\/terms-of-service\/#breadcrumb"},"inLanguage":"es","potentialAction":[{"@type":"ReadAction","target":["https:\/\/sccl.com\/terms-of-service\/"]}]},{"@type":"BreadcrumbList","@id":"https:\/\/sccl.com\/terms-of-service\/#breadcrumb","itemListElement":[{"@type":"ListItem","position":1,"name":"Home","item":"https:\/\/sccl.com\/"},{"@type":"ListItem","position":2,"name":"Terms of Service"}]},{"@type":"WebSite","@id":"https:\/\/sccl.com\/#website","url":"https:\/\/sccl.com\/","name":"Sitio SCCL","description":"","publisher":{"@id":"https:\/\/sccl.com\/#organization"},"potentialAction":[{"@type":"SearchAction","target":{"@type":"EntryPoint","urlTemplate":"https:\/\/sccl.com\/?s={search_term_string}"},"query-input":{"@type":"PropertyValueSpecification","valueRequired":true,"valueName":"search_term_string"}}],"inLanguage":"es"},{"@type":"Organization","@id":"https:\/\/sccl.com\/#organization","name":"Sitio SCCL","url":"https:\/\/sccl.com\/","logo":{"@type":"ImageObject","inLanguage":"es","@id":"https:\/\/sccl.com\/#\/schema\/logo\/image\/","url":"https:\/\/sccl.com\/wp-content\/uploads\/2023\/05\/logo.png","contentUrl":"https:\/\/sccl.com\/wp-content\/uploads\/2023\/05\/logo.png","width":100,"height":100,"caption":"SCCL Site"},"image":{"@id":"https:\/\/sccl.com\/#\/schema\/logo\/image\/"}}]}},"_links":{"self":[{"href":"https:\/\/sccl.com\/es\/wp-json\/wp\/v2\/pages\/371","targetHints":{"allow":["GET"]}}],"collection":[{"href":"https:\/\/sccl.com\/es\/wp-json\/wp\/v2\/pages"}],"about":[{"href":"https:\/\/sccl.com\/es\/wp-json\/wp\/v2\/types\/page"}],"author":[{"embeddable":true,"href":"https:\/\/sccl.com\/es\/wp-json\/wp\/v2\/users\/4"}],"replies":[{"embeddable":true,"href":"https:\/\/sccl.com\/es\/wp-json\/wp\/v2\/comments?post=371"}],"version-history":[{"count":0,"href":"https:\/\/sccl.com\/es\/wp-json\/wp\/v2\/pages\/371\/revisions"}],"wp:attachment":[{"href":"https:\/\/sccl.com\/es\/wp-json\/wp\/v2\/media?parent=371"}],"curies":[{"name":"wp","href":"https:\/\/api.w.org\/{rel}","templated":true}]}}