{"id":376,"date":"2023-12-08T11:34:17","date_gmt":"2023-12-08T11:34:17","guid":{"rendered":"https:\/\/sccl.com\/?page_id=376"},"modified":"2024-01-15T12:44:57","modified_gmt":"2024-01-15T12:44:57","slug":"disclaimer","status":"publish","type":"page","link":"https:\/\/sccl.com\/es\/disclaimer\/","title":{"rendered":"Descargo de responsabilidad"},"content":{"rendered":"<div data-elementor-type=\"wp-page\" data-elementor-id=\"376\" class=\"elementor elementor-376\" data-elementor-post-type=\"page\">\n\t\t\t\t<div class=\"elementor-element elementor-element-3b51429 e-flex e-con-boxed e-con e-parent\" data-id=\"3b51429\" data-element_type=\"container\" data-e-type=\"container\" data-settings=\"{&quot;jet_parallax_layout_list&quot;:[]}\">\n\t\t\t\t\t<div class=\"e-con-inner\">\n\t\t\t\t<div class=\"elementor-element elementor-element-b2b6afa elementor-widget elementor-widget-heading\" data-id=\"b2b6afa\" data-element_type=\"widget\" data-e-type=\"widget\" data-widget_type=\"heading.default\">\n\t\t\t\t<div class=\"elementor-widget-container\">\n\t\t\t\t\t<h2 class=\"elementor-heading-title elementor-size-default\">Cl\u00e1usula de exenci\u00f3n de responsabilidad del SCCL para cursos de formaci\u00f3n continua y contenidos relacionados<\/h2>\t\t\t\t<\/div>\n\t\t\t\t<\/div>\n\t\t\t\t<div data-dce-text-color=\"#797979\" class=\"elementor-element elementor-element-87eb105 elementor-widget elementor-widget-text-editor\" data-id=\"87eb105\" data-element_type=\"widget\" data-e-type=\"widget\" data-widget_type=\"text-editor.default\">\n\t\t\t\t<div class=\"elementor-widget-container\">\n\t\t\t\t\t\t\t\t\t<p>Los cursos de formaci\u00f3n continua de Saskatoon Colostrum Company Ltd. (\"SCCL\") (los \"Cursos\"), y todo el material informativo y contenido relacionado, incluidos, entre otros, el bolet\u00edn electr\u00f3nico de SCCL y las p\u00e1ginas de visualizaci\u00f3n (\"Contenido relacionado\") que aparecen en www.sccl.com o en cualquiera de sus subdominios o que se facilitan a los usuarios de cualquier otro modo, se proporcionan \"TAL CUAL\" y est\u00e1n destinados \u00fanicamente a la comprensi\u00f3n y educaci\u00f3n general del consumidor. Cualquier acceso a los Cursos o Contenidos relacionados es voluntario y por cuenta y riesgo del usuario. SCCL no hace representaciones o garant\u00edas de ning\u00fan tipo, expresas o impl\u00edcitas, sobre la integridad, exactitud, fiabilidad, idoneidad o disponibilidad con respecto a los Cursos o Contenido Relacionado. Si el usuario no est\u00e1 satisfecho con los Cursos o Contenidos relacionados, su \u00fanica y exclusiva soluci\u00f3n es dejar de utilizar los Cursos y el sitio.\u00a0<\/p><p>Nada de lo contenido en los Cursos o Contenidos Relacionados debe considerarse ni utilizarse como sustituto del asesoramiento, diagn\u00f3stico o tratamiento m\u00e9dico veterinario. La informaci\u00f3n proporcionada en el sitio web tiene \u00fanicamente fines educativos e informativos y no pretende sustituir el asesoramiento profesional de un veterinario u otro profesional. Los Cursos y el Contenido relacionado est\u00e1n dise\u00f1ados para educar a los consumidores sobre los beneficios generales del calostro que pueden afectar a la vida diaria de sus animales. Este sitio y sus Cursos no constituyen la pr\u00e1ctica de ning\u00fan consejo, diagn\u00f3stico o tratamiento m\u00e9dico veterinario o de otro tipo de atenci\u00f3n sanitaria veterinaria profesional. SCCL declina toda responsabilidad por los da\u00f1os o p\u00e9rdidas, directos o indirectos, que puedan derivarse del uso o la confianza depositada en la informaci\u00f3n contenida en los Cursos o Contenidos relacionados.\u00a0<\/p><p>Aunque el acceso a los Cursos y al Contenido relacionado est\u00e1 abierto a usuarios de todo el mundo, SCCL est\u00e1 organizado bajo las leyes de Canad\u00e1. Por lo tanto, los t\u00e9rminos de este descargo de responsabilidad se regir\u00e1n por las leyes de Saskatchewan, Canad\u00e1, en cuanto a la interpretaci\u00f3n, validez y efecto de este descargo de responsabilidad, sin perjuicio y sin dar efecto a cualquier conflicto de disposiciones legales de su domicilio, residencia o ubicaci\u00f3n f\u00edsica. Usted acepta someterse a la jurisdicci\u00f3n de Saskatchewan.\u00a0<\/p><p>El SCCL aconseja a los consumidores que consulten siempre a un veterinario, especialista veterinario u otro profesional sanitario veterinario cualificado si tienen alguna duda sobre la salud o las condiciones m\u00e9dicas de un animal. Nunca ignore, evite o retrase la obtenci\u00f3n de asesoramiento m\u00e9dico de su veterinario u otro proveedor de atenci\u00f3n sanitaria veterinaria cualificado por algo que haya le\u00eddo en este sitio.<\/p>\t\t\t\t\t\t\t\t<\/div>\n\t\t\t\t<\/div>\n\t\t\t\t\t<\/div>\n\t\t\t\t<\/div>\n\t\t<div class=\"elementor-element elementor-element-6b69f6e e-flex e-con-boxed e-con e-child\" data-id=\"6b69f6e\" data-element_type=\"container\" data-e-type=\"container\" data-settings=\"{&quot;jet_parallax_layout_list&quot;:[]}\">\n\t\t\t\t\t<div class=\"e-con-inner\">\n\t\t\t\t<div class=\"elementor-element elementor-element-264b631 elementor-align-left elementor-widget elementor-widget-button\" data-id=\"264b631\" data-element_type=\"widget\" data-e-type=\"widget\" data-widget_type=\"button.default\">\n\t\t\t\t<div class=\"elementor-widget-container\">\n\t\t\t\t\t\t\t\t\t<div class=\"elementor-button-wrapper\">\n\t\t\t\t\t<a class=\"elementor-button elementor-button-link elementor-size-lg\" href=\"https:\/\/sccl.com\/es\/\">\n\t\t\t\t\t\t<span class=\"elementor-button-content-wrapper\">\n\t\t\t\t\t\t<span class=\"elementor-button-icon\">\n\t\t\t\t<svg xmlns=\"http:\/\/www.w3.org\/2000\/svg\" id=\"Layer_1\" viewbox=\"0 0 31 31\"><defs><style>.cls-1,.cls-2{fill:none;stroke:#181f24;stroke-linecap:round;stroke-linejoin:round;}.cls-2{stroke-width:2px;}<\/style><\/defs><g id=\"Icon_feather-arrow-right-circle\"><path id=\"Path_4159\" class=\"cls-1\" d=\"m.5,15.5c0,8.28,6.72,15,15,15s15-6.72,15-15S23.78.5,15.5.5.5,7.22.5,15.5Z\"><\/path><path id=\"Path_4160\" class=\"cls-2\" d=\"m15.5,20.15l-4.65-4.65,4.65-4.65\"><\/path><path id=\"Path_4161\" class=\"cls-2\" d=\"m20.14,15.5h-9.29\"><\/path><\/g><\/svg>\t\t\t<\/span>\n\t\t\t\t\t\t\t\t\t<span class=\"elementor-button-text\">Volver a la p\u00e1gina de inicio<\/span>\n\t\t\t\t\t<\/span>\n\t\t\t\t\t<\/a>\n\t\t\t\t<\/div>\n\t\t\t\t\t\t\t\t<\/div>\n\t\t\t\t<\/div>\n\t\t\t\t\t<\/div>\n\t\t\t\t<\/div>\n\t\t\t\t<\/div>","protected":false},"excerpt":{"rendered":"<p>SCCL Disclaimer for Continuing Education Courses &#038; Related Content The Saskatoon Colostrum Company Ltd.\u2019s (\u201cSCCL\u201d) Continuing Education Courses (the \u201cCourses\u201d), and all related informational material and content including, without limitation, SCCL\u2019s e-newsletter and display pages (\u201cRelated Content\u201d) which appear on www.sccl.com or any of its subdomains or are otherwise provided to users, are provided on [&hellip;]<\/p>\n","protected":false},"author":4,"featured_media":0,"parent":0,"menu_order":0,"comment_status":"closed","ping_status":"closed","template":"","meta":{"_acf_changed":false,"content-type":"","_monsterinsights_skip_tracking":false,"_monsterinsights_sitenote_active":false,"_monsterinsights_sitenote_note":"","_monsterinsights_sitenote_category":0,"footnotes":""},"class_list":["post-376","page","type-page","status-publish","hentry"],"acf":[],"yoast_head":"<!-- This site is optimized with the Yoast SEO plugin v27.2 - https:\/\/yoast.com\/product\/yoast-seo-wordpress\/ -->\n<title>Disclaimer - SCCL Site<\/title>\n<meta name=\"robots\" content=\"index, follow, max-snippet:-1, max-image-preview:large, max-video-preview:-1\" \/>\n<link rel=\"canonical\" href=\"https:\/\/sccl.com\/es\/disclaimer\/\" \/>\n<meta property=\"og:locale\" content=\"es_MX\" \/>\n<meta property=\"og:type\" content=\"article\" \/>\n<meta property=\"og:title\" content=\"Disclaimer - SCCL Site\" \/>\n<meta property=\"og:description\" content=\"SCCL Disclaimer for Continuing Education Courses &#038; Related Content The Saskatoon Colostrum Company Ltd.\u2019s (\u201cSCCL\u201d) Continuing Education Courses (the \u201cCourses\u201d), and all related informational material and content including, without limitation, SCCL\u2019s e-newsletter and display pages (\u201cRelated Content\u201d) which appear on www.sccl.com or any of its subdomains or are otherwise provided to users, are provided on [&hellip;]\" \/>\n<meta property=\"og:url\" content=\"https:\/\/sccl.com\/es\/disclaimer\/\" \/>\n<meta property=\"og:site_name\" content=\"SCCL Site\" \/>\n<meta property=\"article:modified_time\" content=\"2024-01-15T12:44:57+00:00\" \/>\n<meta name=\"twitter:card\" content=\"summary_large_image\" \/>\n<meta name=\"twitter:label1\" content=\"Tiempo de lectura\" \/>\n\t<meta name=\"twitter:data1\" content=\"2 minutos\" \/>\n<script type=\"application\/ld+json\" class=\"yoast-schema-graph\">{\"@context\":\"https:\/\/schema.org\",\"@graph\":[{\"@type\":\"WebPage\",\"@id\":\"https:\/\/sccl.com\/disclaimer\/\",\"url\":\"https:\/\/sccl.com\/disclaimer\/\",\"name\":\"Disclaimer - SCCL Site\",\"isPartOf\":{\"@id\":\"https:\/\/sccl.com\/#website\"},\"datePublished\":\"2023-12-08T11:34:17+00:00\",\"dateModified\":\"2024-01-15T12:44:57+00:00\",\"breadcrumb\":{\"@id\":\"https:\/\/sccl.com\/disclaimer\/#breadcrumb\"},\"inLanguage\":\"es\",\"potentialAction\":[{\"@type\":\"ReadAction\",\"target\":[\"https:\/\/sccl.com\/disclaimer\/\"]}]},{\"@type\":\"BreadcrumbList\",\"@id\":\"https:\/\/sccl.com\/disclaimer\/#breadcrumb\",\"itemListElement\":[{\"@type\":\"ListItem\",\"position\":1,\"name\":\"Home\",\"item\":\"https:\/\/sccl.com\/\"},{\"@type\":\"ListItem\",\"position\":2,\"name\":\"Disclaimer\"}]},{\"@type\":\"WebSite\",\"@id\":\"https:\/\/sccl.com\/#website\",\"url\":\"https:\/\/sccl.com\/\",\"name\":\"SCCL Site\",\"description\":\"\",\"publisher\":{\"@id\":\"https:\/\/sccl.com\/#organization\"},\"potentialAction\":[{\"@type\":\"SearchAction\",\"target\":{\"@type\":\"EntryPoint\",\"urlTemplate\":\"https:\/\/sccl.com\/?s={search_term_string}\"},\"query-input\":{\"@type\":\"PropertyValueSpecification\",\"valueRequired\":true,\"valueName\":\"search_term_string\"}}],\"inLanguage\":\"es\"},{\"@type\":\"Organization\",\"@id\":\"https:\/\/sccl.com\/#organization\",\"name\":\"SCCL Site\",\"url\":\"https:\/\/sccl.com\/\",\"logo\":{\"@type\":\"ImageObject\",\"inLanguage\":\"es\",\"@id\":\"https:\/\/sccl.com\/#\/schema\/logo\/image\/\",\"url\":\"https:\/\/sccl.com\/wp-content\/uploads\/2023\/05\/logo.png\",\"contentUrl\":\"https:\/\/sccl.com\/wp-content\/uploads\/2023\/05\/logo.png\",\"width\":100,\"height\":100,\"caption\":\"SCCL Site\"},\"image\":{\"@id\":\"https:\/\/sccl.com\/#\/schema\/logo\/image\/\"}}]}<\/script>\n<!-- \/ Yoast SEO plugin. -->","yoast_head_json":{"title":"Descargo de responsabilidad - SCCL Site","robots":{"index":"index","follow":"follow","max-snippet":"max-snippet:-1","max-image-preview":"max-image-preview:large","max-video-preview":"max-video-preview:-1"},"canonical":"https:\/\/sccl.com\/es\/disclaimer\/","og_locale":"es_MX","og_type":"article","og_title":"Disclaimer - SCCL Site","og_description":"SCCL Disclaimer for Continuing Education Courses &#038; Related Content The Saskatoon Colostrum Company Ltd.\u2019s (\u201cSCCL\u201d) Continuing Education Courses (the \u201cCourses\u201d), and all related informational material and content including, without limitation, SCCL\u2019s e-newsletter and display pages (\u201cRelated Content\u201d) which appear on www.sccl.com or any of its subdomains or are otherwise provided to users, are provided on [&hellip;]","og_url":"https:\/\/sccl.com\/es\/disclaimer\/","og_site_name":"SCCL Site","article_modified_time":"2024-01-15T12:44:57+00:00","twitter_card":"summary_large_image","twitter_misc":{"Tiempo de lectura":"2 minutos"},"schema":{"@context":"https:\/\/schema.org","@graph":[{"@type":"WebPage","@id":"https:\/\/sccl.com\/disclaimer\/","url":"https:\/\/sccl.com\/disclaimer\/","name":"Descargo de responsabilidad - SCCL Site","isPartOf":{"@id":"https:\/\/sccl.com\/#website"},"datePublished":"2023-12-08T11:34:17+00:00","dateModified":"2024-01-15T12:44:57+00:00","breadcrumb":{"@id":"https:\/\/sccl.com\/disclaimer\/#breadcrumb"},"inLanguage":"es","potentialAction":[{"@type":"ReadAction","target":["https:\/\/sccl.com\/disclaimer\/"]}]},{"@type":"BreadcrumbList","@id":"https:\/\/sccl.com\/disclaimer\/#breadcrumb","itemListElement":[{"@type":"ListItem","position":1,"name":"Home","item":"https:\/\/sccl.com\/"},{"@type":"ListItem","position":2,"name":"Disclaimer"}]},{"@type":"WebSite","@id":"https:\/\/sccl.com\/#website","url":"https:\/\/sccl.com\/","name":"Sitio SCCL","description":"","publisher":{"@id":"https:\/\/sccl.com\/#organization"},"potentialAction":[{"@type":"SearchAction","target":{"@type":"EntryPoint","urlTemplate":"https:\/\/sccl.com\/?s={search_term_string}"},"query-input":{"@type":"PropertyValueSpecification","valueRequired":true,"valueName":"search_term_string"}}],"inLanguage":"es"},{"@type":"Organization","@id":"https:\/\/sccl.com\/#organization","name":"Sitio SCCL","url":"https:\/\/sccl.com\/","logo":{"@type":"ImageObject","inLanguage":"es","@id":"https:\/\/sccl.com\/#\/schema\/logo\/image\/","url":"https:\/\/sccl.com\/wp-content\/uploads\/2023\/05\/logo.png","contentUrl":"https:\/\/sccl.com\/wp-content\/uploads\/2023\/05\/logo.png","width":100,"height":100,"caption":"SCCL Site"},"image":{"@id":"https:\/\/sccl.com\/#\/schema\/logo\/image\/"}}]}},"_links":{"self":[{"href":"https:\/\/sccl.com\/es\/wp-json\/wp\/v2\/pages\/376","targetHints":{"allow":["GET"]}}],"collection":[{"href":"https:\/\/sccl.com\/es\/wp-json\/wp\/v2\/pages"}],"about":[{"href":"https:\/\/sccl.com\/es\/wp-json\/wp\/v2\/types\/page"}],"author":[{"embeddable":true,"href":"https:\/\/sccl.com\/es\/wp-json\/wp\/v2\/users\/4"}],"replies":[{"embeddable":true,"href":"https:\/\/sccl.com\/es\/wp-json\/wp\/v2\/comments?post=376"}],"version-history":[{"count":0,"href":"https:\/\/sccl.com\/es\/wp-json\/wp\/v2\/pages\/376\/revisions"}],"wp:attachment":[{"href":"https:\/\/sccl.com\/es\/wp-json\/wp\/v2\/media?parent=376"}],"curies":[{"name":"wp","href":"https:\/\/api.w.org\/{rel}","templated":true}]}}