{"id":1936,"date":"2025-07-18T15:26:41","date_gmt":"2025-07-18T15:26:41","guid":{"rendered":"https:\/\/sccl.com\/?page_id=1936"},"modified":"2025-07-18T17:31:38","modified_gmt":"2025-07-18T17:31:38","slug":"cooling-the-calf-colostrum-and-transition-milk-solutions-for-heat-stress","status":"publish","type":"page","link":"https:\/\/sccl.com\/fr\/cooling-the-calf-colostrum-and-transition-milk-solutions-for-heat-stress\/","title":{"rendered":"Refroidir le veau : Solutions au colostrum et au lait de transition en cas de stress thermique"},"content":{"rendered":"<div data-elementor-type=\"wp-page\" data-elementor-id=\"1936\" class=\"elementor elementor-1936\" data-elementor-post-type=\"page\">\n\t\t\t\t<div class=\"elementor-element elementor-element-0914e98 e-flex e-con-boxed e-con e-parent\" data-id=\"0914e98\" data-element_type=\"container\" data-e-type=\"container\" data-settings=\"{&quot;jet_parallax_layout_list&quot;:[]}\">\n\t\t\t\t\t<div class=\"e-con-inner\">\n\t\t<div class=\"elementor-element elementor-element-f21aa56 e-con-full e-flex e-con e-child\" data-id=\"f21aa56\" data-element_type=\"container\" data-e-type=\"container\" data-settings=\"{&quot;jet_parallax_layout_list&quot;:[]}\">\n\t\t\t\t<div class=\"elementor-element elementor-element-5827214 elementor-widget elementor-widget-heading\" data-id=\"5827214\" data-element_type=\"widget\" data-e-type=\"widget\" data-widget_type=\"heading.default\">\n\t\t\t\t<div class=\"elementor-widget-container\">\n\t\t\t\t\t<h2 class=\"elementor-heading-title elementor-size-default\">Refroidir le veau : Solutions au colostrum et au lait de transition en cas de stress thermique<\/h2>\t\t\t\t<\/div>\n\t\t\t\t<\/div>\n\t\t\t\t<div data-dce-title-color=\"#181F24\" class=\"elementor-element elementor-element-81b5a25 elementor-widget elementor-widget-heading\" data-id=\"81b5a25\" data-element_type=\"widget\" data-e-type=\"widget\" data-widget_type=\"heading.default\">\n\t\t\t\t<div class=\"elementor-widget-container\">\n\t\t\t\t\t<h2 class=\"elementor-heading-title elementor-size-default\">Merci de vous \u00eatre inscrit \u00e0 ce webinaire du CSCL.<\/h2>\t\t\t\t<\/div>\n\t\t\t\t<\/div>\n\t\t\t\t<\/div>\n\t\t<div class=\"elementor-element elementor-element-bdb746c e-flex e-con-boxed e-con e-child\" data-id=\"bdb746c\" data-element_type=\"container\" data-e-type=\"container\" data-settings=\"{&quot;jet_parallax_layout_list&quot;:[]}\">\n\t\t\t\t\t<div class=\"e-con-inner\">\n\t\t<div class=\"elementor-element elementor-element-00f5647 e-con-full e-flex e-con e-child\" data-id=\"00f5647\" data-element_type=\"container\" data-e-type=\"container\" data-settings=\"{&quot;jet_parallax_layout_list&quot;:[]}\">\n\t\t\t\t<div class=\"elementor-element elementor-element-d927252 premium-video__glow-none elementor-widget elementor-widget-premium-addon-video-box\" data-id=\"d927252\" data-element_type=\"widget\" data-e-type=\"widget\" data-settings=\"{&quot;premium_video_box_video_type&quot;:&quot;youtube&quot;,&quot;aspect_ratio&quot;:&quot;169&quot;}\" data-widget_type=\"premium-addon-video-box.default\">\n\t\t\t\t<div class=\"elementor-widget-container\">\n\t\t\t\t\t\n\n\t\t\n\t\t\t\t\t<div id=\"premium-video-box-container-d927252\" class=\"premium-video-box-container\" data-overlay=\"false\" data-type=\"youtube\" data-thumbnail=\"1\" data-hover=\"none\">\n\t\t\t\t<div  >\n\t\t\t\t\t\n\t\t\t\t\t<div class=\"premium-video-box-inner-wrap\" data-video-animation=\" animated-\" data-delay-animation=\"\">\n\t\t\t\t\t\t<div data-src=\"https:\/\/www.youtube.com\/embed\/YZ6fZFRaMI4?feature=oembed&amp;rel=0&amp;mute=0&amp;loop=0&amp;controls=1&amp;playsinline=0&amp;cc_load_policy=0\" class=\"premium-video-box-video-container\">\n\t\t\t\t\t\t\t\n\t\t\t\t\t\t\t\t\t\t\t\t\t<\/div>\n\t\t\t\t\t\t\t<div style=\"background-image:url(&#039;https:\/\/i.ytimg.com\/vi\/YZ6fZFRaMI4\/maxresdefault.jpg&#039;)\" class=\"premium-video-box-image-container none\"><\/div>\n\t\t\t\t\t\t\t\t\t\t\t\t\t\t\t\t\t\t\t\t\t\t\t\t\t\t\t<div class=\"premium-video-box-play-icon-container\">\n\t\t\t\t\t\t\t\t<i class=\"premium-video-box-play-icon fas fa-play\" aria-hidden=\"true\"><\/i>\t\t\t\t\t\t\t<\/div>\n\t\t\t\t\t\t\t\t\t\t\t\t\t\t\t\t\t<\/div>\n\n\t\t\t\t<\/div>\n\t\t\t<\/div>\n\t\t\n\t\t\t\t\t\t<\/div>\n\t\t\t\t<\/div>\n\t\t\t\t<\/div>\n\t\t<div class=\"elementor-element elementor-element-f8e5acf e-con-full e-flex e-con e-child\" data-id=\"f8e5acf\" data-element_type=\"container\" data-e-type=\"container\" data-settings=\"{&quot;jet_parallax_layout_list&quot;:[]}\">\n\t\t\t\t<div data-dce-background-color=\"#02010100\" class=\"elementor-element elementor-element-cb2a215 elementor-hidden-desktop elementor-hidden-tablet elementor-hidden-mobile elementor-widget elementor-widget-button\" data-id=\"cb2a215\" data-element_type=\"widget\" data-e-type=\"widget\" data-widget_type=\"button.default\">\n\t\t\t\t<div class=\"elementor-widget-container\">\n\t\t\t\t\t\t\t\t\t<div class=\"elementor-button-wrapper\">\n\t\t\t\t\t<a class=\"elementor-button elementor-size-sm\" role=\"button\">\n\t\t\t\t\t\t<span class=\"elementor-button-content-wrapper\">\n\t\t\t\t\t\t\t\t\t<span class=\"elementor-button-text\">T\u00e9l\u00e9charger le guide<\/span>\n\t\t\t\t\t<\/span>\n\t\t\t\t\t<\/a>\n\t\t\t\t<\/div>\n\t\t\t\t\t\t\t\t<\/div>\n\t\t\t\t<\/div>\n\t\t\t\t<div class=\"elementor-element elementor-element-4afcbef elementor-widget elementor-widget-button\" data-id=\"4afcbef\" data-element_type=\"widget\" data-e-type=\"widget\" data-widget_type=\"button.default\">\n\t\t\t\t<div class=\"elementor-widget-container\">\n\t\t\t\t\t\t\t\t\t<div class=\"elementor-button-wrapper\">\n\t\t\t\t\t<a class=\"elementor-button elementor-button-link elementor-size-sm\" href=\"https:\/\/sccl.com\/fr\/feedback-survey-cooling-the-calf-colostrum-and-transition-milk-solutions-for-heat-stress-sccl\/\" target=\"_blank\">\n\t\t\t\t\t\t<span class=\"elementor-button-content-wrapper\">\n\t\t\t\t\t\t\t\t\t<span class=\"elementor-button-text\">Enqu\u00eate de satisfaction<\/span>\n\t\t\t\t\t<\/span>\n\t\t\t\t\t<\/a>\n\t\t\t\t<\/div>\n\t\t\t\t\t\t\t\t<\/div>\n\t\t\t\t<\/div>\n\t\t\t\t<div class=\"elementor-element elementor-element-72dffbe elementor-widget elementor-widget-spacer\" data-id=\"72dffbe\" data-element_type=\"widget\" data-e-type=\"widget\" data-widget_type=\"spacer.default\">\n\t\t\t\t<div class=\"elementor-widget-container\">\n\t\t\t\t\t\t\t<div class=\"elementor-spacer\">\n\t\t\t<div class=\"elementor-spacer-inner\"><\/div>\n\t\t<\/div>\n\t\t\t\t\t\t<\/div>\n\t\t\t\t<\/div>\n\t\t\t\t<div data-dce-title-color=\"#181F24\" class=\"elementor-element elementor-element-3c2b2e0 elementor-hidden-desktop elementor-hidden-tablet elementor-hidden-mobile elementor-widget elementor-widget-heading\" data-id=\"3c2b2e0\" data-element_type=\"widget\" data-e-type=\"widget\" data-widget_type=\"heading.default\">\n\t\t\t\t<div class=\"elementor-widget-container\">\n\t\t\t\t\t<h2 class=\"elementor-heading-title elementor-size-default\">Documents d'appui<\/h2>\t\t\t\t<\/div>\n\t\t\t\t<\/div>\n\t\t\t\t<\/div>\n\t\t\t\t\t<\/div>\n\t\t\t\t<\/div>\n\t\t\t\t<div class=\"elementor-element elementor-element-2378812 elementor-align-left elementor-widget elementor-widget-button\" data-id=\"2378812\" data-element_type=\"widget\" data-e-type=\"widget\" data-widget_type=\"button.default\">\n\t\t\t\t<div class=\"elementor-widget-container\">\n\t\t\t\t\t\t\t\t\t<div class=\"elementor-button-wrapper\">\n\t\t\t\t\t<a class=\"elementor-button elementor-button-link elementor-size-sm\" href=\"https:\/\/sccl.com\/fr\/continuing-education-courses\/\">\n\t\t\t\t\t\t<span class=\"elementor-button-content-wrapper\">\n\t\t\t\t\t\t<span class=\"elementor-button-icon\">\n\t\t\t\t<svg xmlns=\"http:\/\/www.w3.org\/2000\/svg\" id=\"Layer_1\" viewbox=\"0 0 31 31\"><defs><style>.cls-1,.cls-2{fill:none;stroke:#181f24;stroke-linecap:round;stroke-linejoin:round;}.cls-2{stroke-width:2px;}<\/style><\/defs><g id=\"Icon_feather-arrow-right-circle\"><path id=\"Path_4159\" class=\"cls-1\" d=\"m.5,15.5c0,8.28,6.72,15,15,15s15-6.72,15-15S23.78.5,15.5.5.5,7.22.5,15.5Z\"><\/path><path id=\"Path_4160\" class=\"cls-2\" d=\"m15.5,20.15l-4.65-4.65,4.65-4.65\"><\/path><path id=\"Path_4161\" class=\"cls-2\" d=\"m20.14,15.5h-9.29\"><\/path><\/g><\/svg>\t\t\t<\/span>\n\t\t\t\t\t\t\t\t\t<span class=\"elementor-button-text\">Retourner aux cours de formation continue<\/span>\n\t\t\t\t\t<\/span>\n\t\t\t\t\t<\/a>\n\t\t\t\t<\/div>\n\t\t\t\t\t\t\t\t<\/div>\n\t\t\t\t<\/div>\n\t\t\t\t\t<\/div>\n\t\t\t\t<\/div>\n\t\t\t\t<\/div>","protected":false},"excerpt":{"rendered":"<p>Refroidir le veau : Solutions au colostrum et au lait de transition en cas de stress thermique Merci de vous \u00eatre inscrit \u00e0 ce webinaire de la SCCL. T\u00e9l\u00e9charger le guide Enqu\u00eate de r\u00e9troaction Documents de soutien Retourner aux cours de formation continue<\/p>","protected":false},"author":4,"featured_media":0,"parent":0,"menu_order":0,"comment_status":"closed","ping_status":"closed","template":"","meta":{"_acf_changed":false,"content-type":"","_monsterinsights_skip_tracking":false,"_monsterinsights_sitenote_active":false,"_monsterinsights_sitenote_note":"","_monsterinsights_sitenote_category":0,"footnotes":""},"class_list":["post-1936","page","type-page","status-publish","hentry"],"acf":[],"yoast_head":"<!-- This site is optimized with the Yoast SEO plugin v27.3 - https:\/\/yoast.com\/product\/yoast-seo-wordpress\/ -->\n<title>Cooling the Calf: Colostrum and Transition Milk Solutions for Heat Stress - SCCL Site<\/title>\n<meta name=\"robots\" content=\"index, follow, max-snippet:-1, max-image-preview:large, max-video-preview:-1\" \/>\n<link rel=\"canonical\" href=\"https:\/\/sccl.com\/fr\/cooling-the-calf-colostrum-and-transition-milk-solutions-for-heat-stress\/\" \/>\n<meta property=\"og:locale\" content=\"fr_CA\" \/>\n<meta property=\"og:type\" content=\"article\" \/>\n<meta property=\"og:title\" content=\"Cooling the Calf: Colostrum and Transition Milk Solutions for Heat Stress - SCCL Site\" \/>\n<meta property=\"og:description\" content=\"Cooling the Calf: Colostrum and Transition Milk Solutions for Heat Stress Thank you for registering for this SCCL webinar. Download Guide Feedback Survey Support documents Go back to Continuing Education Courses\" \/>\n<meta property=\"og:url\" content=\"https:\/\/sccl.com\/fr\/cooling-the-calf-colostrum-and-transition-milk-solutions-for-heat-stress\/\" \/>\n<meta property=\"og:site_name\" content=\"SCCL Site\" \/>\n<meta property=\"article:modified_time\" content=\"2025-07-18T17:31:38+00:00\" \/>\n<meta name=\"twitter:card\" content=\"summary_large_image\" \/>\n<meta name=\"twitter:label1\" content=\"Estimation du temps de lecture\" \/>\n\t<meta name=\"twitter:data1\" content=\"1 minute\" \/>\n<script type=\"application\/ld+json\" class=\"yoast-schema-graph\">{\"@context\":\"https:\\\/\\\/schema.org\",\"@graph\":[{\"@type\":\"WebPage\",\"@id\":\"https:\\\/\\\/sccl.com\\\/cooling-the-calf-colostrum-and-transition-milk-solutions-for-heat-stress\\\/\",\"url\":\"https:\\\/\\\/sccl.com\\\/cooling-the-calf-colostrum-and-transition-milk-solutions-for-heat-stress\\\/\",\"name\":\"Cooling the Calf: Colostrum and Transition Milk Solutions for Heat Stress - SCCL Site\",\"isPartOf\":{\"@id\":\"https:\\\/\\\/sccl.com\\\/#website\"},\"datePublished\":\"2025-07-18T15:26:41+00:00\",\"dateModified\":\"2025-07-18T17:31:38+00:00\",\"breadcrumb\":{\"@id\":\"https:\\\/\\\/sccl.com\\\/cooling-the-calf-colostrum-and-transition-milk-solutions-for-heat-stress\\\/#breadcrumb\"},\"inLanguage\":\"fr-CA\",\"potentialAction\":[{\"@type\":\"ReadAction\",\"target\":[\"https:\\\/\\\/sccl.com\\\/cooling-the-calf-colostrum-and-transition-milk-solutions-for-heat-stress\\\/\"]}]},{\"@type\":\"BreadcrumbList\",\"@id\":\"https:\\\/\\\/sccl.com\\\/cooling-the-calf-colostrum-and-transition-milk-solutions-for-heat-stress\\\/#breadcrumb\",\"itemListElement\":[{\"@type\":\"ListItem\",\"position\":1,\"name\":\"Home\",\"item\":\"https:\\\/\\\/sccl.com\\\/\"},{\"@type\":\"ListItem\",\"position\":2,\"name\":\"Cooling the Calf: Colostrum and Transition Milk Solutions for Heat Stress\"}]},{\"@type\":\"WebSite\",\"@id\":\"https:\\\/\\\/sccl.com\\\/#website\",\"url\":\"https:\\\/\\\/sccl.com\\\/\",\"name\":\"SCCL Site\",\"description\":\"\",\"publisher\":{\"@id\":\"https:\\\/\\\/sccl.com\\\/#organization\"},\"potentialAction\":[{\"@type\":\"SearchAction\",\"target\":{\"@type\":\"EntryPoint\",\"urlTemplate\":\"https:\\\/\\\/sccl.com\\\/?s={search_term_string}\"},\"query-input\":{\"@type\":\"PropertyValueSpecification\",\"valueRequired\":true,\"valueName\":\"search_term_string\"}}],\"inLanguage\":\"fr-CA\"},{\"@type\":\"Organization\",\"@id\":\"https:\\\/\\\/sccl.com\\\/#organization\",\"name\":\"SCCL Site\",\"url\":\"https:\\\/\\\/sccl.com\\\/\",\"logo\":{\"@type\":\"ImageObject\",\"inLanguage\":\"fr-CA\",\"@id\":\"https:\\\/\\\/sccl.com\\\/#\\\/schema\\\/logo\\\/image\\\/\",\"url\":\"https:\\\/\\\/sccl.com\\\/wp-content\\\/uploads\\\/2023\\\/05\\\/logo.png\",\"contentUrl\":\"https:\\\/\\\/sccl.com\\\/wp-content\\\/uploads\\\/2023\\\/05\\\/logo.png\",\"width\":100,\"height\":100,\"caption\":\"SCCL Site\"},\"image\":{\"@id\":\"https:\\\/\\\/sccl.com\\\/#\\\/schema\\\/logo\\\/image\\\/\"}}]}<\/script>\n<!-- \/ Yoast SEO plugin. -->","yoast_head_json":{"title":"Refroidir le veau : Solutions au colostrum et au lait de transition en cas de stress thermique - SCCL Site","robots":{"index":"index","follow":"follow","max-snippet":"max-snippet:-1","max-image-preview":"max-image-preview:large","max-video-preview":"max-video-preview:-1"},"canonical":"https:\/\/sccl.com\/fr\/cooling-the-calf-colostrum-and-transition-milk-solutions-for-heat-stress\/","og_locale":"fr_CA","og_type":"article","og_title":"Cooling the Calf: Colostrum and Transition Milk Solutions for Heat Stress - SCCL Site","og_description":"Cooling the Calf: Colostrum and Transition Milk Solutions for Heat Stress Thank you for registering for this SCCL webinar. Download Guide Feedback Survey Support documents Go back to Continuing Education Courses","og_url":"https:\/\/sccl.com\/fr\/cooling-the-calf-colostrum-and-transition-milk-solutions-for-heat-stress\/","og_site_name":"SCCL Site","article_modified_time":"2025-07-18T17:31:38+00:00","twitter_card":"summary_large_image","twitter_misc":{"Estimation du temps de lecture":"1 minute"},"schema":{"@context":"https:\/\/schema.org","@graph":[{"@type":"WebPage","@id":"https:\/\/sccl.com\/cooling-the-calf-colostrum-and-transition-milk-solutions-for-heat-stress\/","url":"https:\/\/sccl.com\/cooling-the-calf-colostrum-and-transition-milk-solutions-for-heat-stress\/","name":"Refroidir le veau : Solutions au colostrum et au lait de transition en cas de stress thermique - SCCL Site","isPartOf":{"@id":"https:\/\/sccl.com\/#website"},"datePublished":"2025-07-18T15:26:41+00:00","dateModified":"2025-07-18T17:31:38+00:00","breadcrumb":{"@id":"https:\/\/sccl.com\/cooling-the-calf-colostrum-and-transition-milk-solutions-for-heat-stress\/#breadcrumb"},"inLanguage":"fr-CA","potentialAction":[{"@type":"ReadAction","target":["https:\/\/sccl.com\/cooling-the-calf-colostrum-and-transition-milk-solutions-for-heat-stress\/"]}]},{"@type":"BreadcrumbList","@id":"https:\/\/sccl.com\/cooling-the-calf-colostrum-and-transition-milk-solutions-for-heat-stress\/#breadcrumb","itemListElement":[{"@type":"ListItem","position":1,"name":"Home","item":"https:\/\/sccl.com\/"},{"@type":"ListItem","position":2,"name":"Cooling the Calf: Colostrum and Transition Milk Solutions for Heat Stress"}]},{"@type":"WebSite","@id":"https:\/\/sccl.com\/#website","url":"https:\/\/sccl.com\/","name":"Site du SCCL","description":"","publisher":{"@id":"https:\/\/sccl.com\/#organization"},"potentialAction":[{"@type":"SearchAction","target":{"@type":"EntryPoint","urlTemplate":"https:\/\/sccl.com\/?s={search_term_string}"},"query-input":{"@type":"PropertyValueSpecification","valueRequired":true,"valueName":"search_term_string"}}],"inLanguage":"fr-CA"},{"@type":"Organization","@id":"https:\/\/sccl.com\/#organization","name":"Site du SCCL","url":"https:\/\/sccl.com\/","logo":{"@type":"ImageObject","inLanguage":"fr-CA","@id":"https:\/\/sccl.com\/#\/schema\/logo\/image\/","url":"https:\/\/sccl.com\/wp-content\/uploads\/2023\/05\/logo.png","contentUrl":"https:\/\/sccl.com\/wp-content\/uploads\/2023\/05\/logo.png","width":100,"height":100,"caption":"SCCL Site"},"image":{"@id":"https:\/\/sccl.com\/#\/schema\/logo\/image\/"}}]}},"_links":{"self":[{"href":"https:\/\/sccl.com\/fr\/wp-json\/wp\/v2\/pages\/1936","targetHints":{"allow":["GET"]}}],"collection":[{"href":"https:\/\/sccl.com\/fr\/wp-json\/wp\/v2\/pages"}],"about":[{"href":"https:\/\/sccl.com\/fr\/wp-json\/wp\/v2\/types\/page"}],"author":[{"embeddable":true,"href":"https:\/\/sccl.com\/fr\/wp-json\/wp\/v2\/users\/4"}],"replies":[{"embeddable":true,"href":"https:\/\/sccl.com\/fr\/wp-json\/wp\/v2\/comments?post=1936"}],"version-history":[{"count":0,"href":"https:\/\/sccl.com\/fr\/wp-json\/wp\/v2\/pages\/1936\/revisions"}],"wp:attachment":[{"href":"https:\/\/sccl.com\/fr\/wp-json\/wp\/v2\/media?parent=1936"}],"curies":[{"name":"wp","href":"https:\/\/api.w.org\/{rel}","templated":true}]}}