{"id":371,"date":"2023-12-07T12:53:29","date_gmt":"2023-12-07T12:53:29","guid":{"rendered":"https:\/\/sccl.com\/?page_id=371"},"modified":"2024-01-03T17:18:04","modified_gmt":"2024-01-03T17:18:04","slug":"terms-of-service","status":"publish","type":"page","link":"https:\/\/sccl.com\/it\/terms-of-service\/","title":{"rendered":"Termini di servizio"},"content":{"rendered":"<div data-elementor-type=\"wp-page\" data-elementor-id=\"371\" class=\"elementor elementor-371\" data-elementor-post-type=\"page\">\n\t\t\t\t<div class=\"elementor-element elementor-element-3b51429 e-flex e-con-boxed e-con e-parent\" data-id=\"3b51429\" data-element_type=\"container\" data-e-type=\"container\" data-settings=\"{&quot;jet_parallax_layout_list&quot;:[]}\">\n\t\t\t\t\t<div class=\"e-con-inner\">\n\t\t\t\t<div class=\"elementor-element elementor-element-998854f elementor-widget elementor-widget-heading\" data-id=\"998854f\" data-element_type=\"widget\" data-e-type=\"widget\" data-widget_type=\"heading.default\">\n\t\t\t\t<div class=\"elementor-widget-container\">\n\t\t\t\t\t<h2 class=\"elementor-heading-title elementor-size-default\">Termini di servizio<\/h2>\t\t\t\t<\/div>\n\t\t\t\t<\/div>\n\t\t\t\t\t<\/div>\n\t\t\t\t<\/div>\n\t\t<div class=\"elementor-element elementor-element-4c708e6 e-flex e-con-boxed e-con e-parent\" data-id=\"4c708e6\" data-element_type=\"container\" data-e-type=\"container\" data-settings=\"{&quot;jet_parallax_layout_list&quot;:[]}\">\n\t\t\t\t\t<div class=\"e-con-inner\">\n\t\t\t\t<div class=\"elementor-element elementor-element-226f686 elementor-widget elementor-widget-text-editor\" data-id=\"226f686\" data-element_type=\"widget\" data-e-type=\"widget\" data-widget_type=\"text-editor.default\">\n\t\t\t\t<div class=\"elementor-widget-container\">\n\t\t\t\t\t\t\t\t\t<p>(1) Introduzione - La presente clausola di esclusione della responsabilit\u00e0 regola l'utilizzo del nostro sito web; utilizzando il nostro sito web, l'utente accetta integralmente la presente clausola di esclusione della responsabilit\u00e0. Se non siete d'accordo con una qualsiasi parte di questo disclaimer, non utilizzate il nostro sito web.<\/p><p>(2) Diritti di propriet\u00e0 intellettuale - Se non diversamente indicato, noi o i nostri licenziatari possediamo i diritti di propriet\u00e0 intellettuale del sito web e del materiale in esso contenuto. Fatta salva la licenza di seguito riportata, tutti i nostri diritti di propriet\u00e0 intellettuale sono riservati.<\/p><p>(3) Licenza d'uso del sito web - \u00c8 possibile visualizzare, scaricare solo a scopo di caching e stampare le pagine del sito web, a condizione che:<\/p><p>(a) Non \u00e8 consentito ripubblicare materiale da questo sito web (compresa la ripubblicazione su un altro sito web), n\u00e9 riprodurre o archiviare materiale da questo sito web in qualsiasi sistema di recupero elettronico pubblico o privato. (Anche se incoraggiamo l'uso corretto per scopi accademici e non commerciali);<\/p><p>(b) Non \u00e8 consentito riprodurre, duplicare, copiare, vendere, rivendere, visitare o sfruttare in altro modo il nostro sito web o il materiale sul nostro sito web per scopi commerciali, senza il nostro esplicito consenso scritto;<\/p><p>(4) Limitazioni di responsabilit\u00e0 - Le informazioni contenute in questo sito web sono fornite gratuitamente e l'utente riconosce che sarebbe irragionevole ritenerci responsabili in relazione a questo sito web e alle informazioni in esso contenute.<\/p><p>Pur sforzandoci di garantire la correttezza delle informazioni contenute in questo sito web, non ne garantiamo la completezza o l'accuratezza, n\u00e9 ci impegniamo a garantire che il sito web rimanga disponibile o che il materiale in esso contenuto venga mantenuto aggiornato.<\/p><p>Nella misura massima consentita dalla legge applicabile, escludiamo tutte le dichiarazioni, le garanzie e le condizioni (incluse, senza limitazione, le condizioni implicite per legge di qualit\u00e0 soddisfacente, idoneit\u00e0 allo scopo e uso di ragionevole cura e abilit\u00e0).<\/p><p>La nostra responsabilit\u00e0 \u00e8 limitata ed esclusa nella misura massima consentita dalla legge applicabile. Non saremo responsabili di alcuna perdita o danno diretto, indiretto o consequenziale derivante dalla presente clausola di esclusione della responsabilit\u00e0 o in connessione con il nostro sito web, sia esso derivante da illecito, contratto o altro - inclusa, senza limitazione, qualsiasi perdita di profitto, contratti, affari, avviamento, dati, reddito, entrate o risparmi previsti.<\/p><p>Tuttavia, nulla di quanto contenuto nella presente clausola di esclusione della responsabilit\u00e0 esclude o limita la nostra responsabilit\u00e0 per frode, per morte o lesioni personali causate dalla nostra negligenza, o per qualsiasi altra responsabilit\u00e0 che non pu\u00f2 essere esclusa o limitata ai sensi della legge applicabile.<\/p><p>(5) Pubblicazione di forum\/commenti - L'utente non deve utilizzare il nostro sito web in alcun modo che causi, o possa causare, danni al sito web o compromettere la disponibilit\u00e0 o l'accessibilit\u00e0 del sito web.<\/p><p>Non \u00e8 consentito utilizzare il nostro sito web in modo illecito, illegale, fraudolento o dannoso, o in relazione a qualsiasi scopo o attivit\u00e0 illecita, illegale, fraudolenta o dannosa.<\/p><p>Non \u00e8 consentito utilizzare il nostro sito web per scopi legati al marketing senza il nostro esplicito consenso scritto.<\/p><p>Non \u00e8 consentito utilizzare il nostro sito web per copiare, pubblicare o inviare messaggi di massa o spam.<\/p><p>L'utente non deve utilizzare il nostro sito web per copiare, pubblicare o inviare materiale illegale o illecito, o materiale che potrebbe dar luogo ad azioni legali ai sensi della legge inglese o di altre leggi applicabili. Tutto il materiale copiato, pubblicato o inviato tramite il nostro sito web non deve essere diffamatorio, osceno, indecente, odioso, discriminatorio o incendiario; tale materiale non deve violare i diritti di propriet\u00e0 intellettuale o i diritti di riservatezza di alcuno, n\u00e9 violare la privacy di alcuno, n\u00e9 costituire un incitamento a commettere un reato; inoltre, il materiale non deve essere fuorviante, ingannevole, pornografico, minaccioso, abusivo, molesto o minaccioso.<\/p><p>Ci riserviamo il diritto di modificare o rimuovere qualsiasi materiale pubblicato sul nostro sito web.<\/p><p>Possiamo intraprendere le azioni che riteniamo opportune per gestire la pubblicazione di materiale non idoneo, tra cui la sospensione o la cancellazione dell'account dell'utente, la limitazione del suo accesso al nostro sito web o l'avvio di procedimenti legali nei suoi confronti.<\/p><p>Per quanto riguarda tutto il materiale pubblicato sul nostro sito web, l'utente ci concede una licenza mondiale, irrevocabile, non esclusiva ed esente da royalty per l'utilizzo, la riproduzione, l'adattamento, la pubblicazione, la traduzione e la distribuzione di tale materiale in qualsiasi mezzo di comunicazione, insieme al diritto di concedere in sublicenza tali diritti.<\/p><p>(6) Siti web di terzi<\/p><p>Il sito web contiene link ad altri siti web. Non siamo responsabili del contenuto dei siti web di terzi.<\/p><p>(7) Variazioni - Possiamo rivedere questa clausola di esclusione della responsabilit\u00e0 di volta in volta. Si prega di controllare regolarmente questa pagina per assicurarsi di conoscere la versione attuale.<\/p><p>(8) Intero accordo - La presente clausola di esclusione della responsabilit\u00e0 costituisce l'intero accordo tra l'utente e la societ\u00e0 in relazione all'utilizzo del sito web da parte dell'utente e sostituisce tutti gli accordi precedenti relativi all'utilizzo del sito web da parte dell'utente.<\/p><p>(9) Legge e giurisdizione - Il presente avviso sar\u00e0 regolato e interpretato in conformit\u00e0 alla legge canadese e qualsiasi controversia relativa al presente avviso sar\u00e0 soggetta alla giurisdizione esclusiva dei tribunali canadesi.<\/p><p>(10) I nostri dati di contatto - Potete contattarci via e-mail all'indirizzo\u00a0<a href=\"mailto:support@devsccl.wpengine.com\">support@sccl.com<\/a><\/p>\t\t\t\t\t\t\t\t<\/div>\n\t\t\t\t<\/div>\n\t\t\t\t\t<\/div>\n\t\t\t\t<\/div>\n\t\t\t\t<\/div>","protected":false},"excerpt":{"rendered":"<p>Terms of Service (1) Introduction \u2013 This disclaimer governs your use of our website; by using our website, you accept this disclaimer in full. If you disagree with any part of this disclaimer, do not use our website. (2) Intellectual Property Rights \u2013 Unless otherwise stated, we or our licensors own the intellectual property rights [&hellip;]<\/p>\n","protected":false},"author":4,"featured_media":0,"parent":0,"menu_order":0,"comment_status":"closed","ping_status":"closed","template":"","meta":{"_acf_changed":false,"content-type":"","_monsterinsights_skip_tracking":false,"_monsterinsights_sitenote_active":false,"_monsterinsights_sitenote_note":"","_monsterinsights_sitenote_category":0,"footnotes":""},"class_list":["post-371","page","type-page","status-publish","hentry"],"acf":[],"yoast_head":"<!-- This site is optimized with the Yoast SEO plugin v27.3 - https:\/\/yoast.com\/product\/yoast-seo-wordpress\/ -->\n<title>Terms of Service - SCCL Site<\/title>\n<meta name=\"robots\" content=\"index, follow, max-snippet:-1, max-image-preview:large, max-video-preview:-1\" \/>\n<link rel=\"canonical\" href=\"https:\/\/sccl.com\/it\/terms-of-service\/\" \/>\n<meta property=\"og:locale\" content=\"it_IT\" \/>\n<meta property=\"og:type\" content=\"article\" \/>\n<meta property=\"og:title\" content=\"Terms of Service - SCCL Site\" \/>\n<meta property=\"og:description\" content=\"Terms of Service (1) Introduction \u2013 This disclaimer governs your use of our website; by using our website, you accept this disclaimer in full. If you disagree with any part of this disclaimer, do not use our website. (2) Intellectual Property Rights \u2013 Unless otherwise stated, we or our licensors own the intellectual property rights [&hellip;]\" \/>\n<meta property=\"og:url\" content=\"https:\/\/sccl.com\/it\/terms-of-service\/\" \/>\n<meta property=\"og:site_name\" content=\"SCCL Site\" \/>\n<meta property=\"article:modified_time\" content=\"2024-01-03T17:18:04+00:00\" \/>\n<meta name=\"twitter:card\" content=\"summary_large_image\" \/>\n<meta name=\"twitter:label1\" content=\"Tempo di lettura stimato\" \/>\n\t<meta name=\"twitter:data1\" content=\"4 minuti\" \/>\n<script type=\"application\/ld+json\" class=\"yoast-schema-graph\">{\"@context\":\"https:\\\/\\\/schema.org\",\"@graph\":[{\"@type\":\"WebPage\",\"@id\":\"https:\\\/\\\/sccl.com\\\/terms-of-service\\\/\",\"url\":\"https:\\\/\\\/sccl.com\\\/terms-of-service\\\/\",\"name\":\"Terms of Service - SCCL Site\",\"isPartOf\":{\"@id\":\"https:\\\/\\\/sccl.com\\\/#website\"},\"datePublished\":\"2023-12-07T12:53:29+00:00\",\"dateModified\":\"2024-01-03T17:18:04+00:00\",\"breadcrumb\":{\"@id\":\"https:\\\/\\\/sccl.com\\\/terms-of-service\\\/#breadcrumb\"},\"inLanguage\":\"it-IT\",\"potentialAction\":[{\"@type\":\"ReadAction\",\"target\":[\"https:\\\/\\\/sccl.com\\\/terms-of-service\\\/\"]}]},{\"@type\":\"BreadcrumbList\",\"@id\":\"https:\\\/\\\/sccl.com\\\/terms-of-service\\\/#breadcrumb\",\"itemListElement\":[{\"@type\":\"ListItem\",\"position\":1,\"name\":\"Home\",\"item\":\"https:\\\/\\\/sccl.com\\\/\"},{\"@type\":\"ListItem\",\"position\":2,\"name\":\"Terms of Service\"}]},{\"@type\":\"WebSite\",\"@id\":\"https:\\\/\\\/sccl.com\\\/#website\",\"url\":\"https:\\\/\\\/sccl.com\\\/\",\"name\":\"SCCL Site\",\"description\":\"\",\"publisher\":{\"@id\":\"https:\\\/\\\/sccl.com\\\/#organization\"},\"potentialAction\":[{\"@type\":\"SearchAction\",\"target\":{\"@type\":\"EntryPoint\",\"urlTemplate\":\"https:\\\/\\\/sccl.com\\\/?s={search_term_string}\"},\"query-input\":{\"@type\":\"PropertyValueSpecification\",\"valueRequired\":true,\"valueName\":\"search_term_string\"}}],\"inLanguage\":\"it-IT\"},{\"@type\":\"Organization\",\"@id\":\"https:\\\/\\\/sccl.com\\\/#organization\",\"name\":\"SCCL Site\",\"url\":\"https:\\\/\\\/sccl.com\\\/\",\"logo\":{\"@type\":\"ImageObject\",\"inLanguage\":\"it-IT\",\"@id\":\"https:\\\/\\\/sccl.com\\\/#\\\/schema\\\/logo\\\/image\\\/\",\"url\":\"https:\\\/\\\/sccl.com\\\/wp-content\\\/uploads\\\/2023\\\/05\\\/logo.png\",\"contentUrl\":\"https:\\\/\\\/sccl.com\\\/wp-content\\\/uploads\\\/2023\\\/05\\\/logo.png\",\"width\":100,\"height\":100,\"caption\":\"SCCL Site\"},\"image\":{\"@id\":\"https:\\\/\\\/sccl.com\\\/#\\\/schema\\\/logo\\\/image\\\/\"}}]}<\/script>\n<!-- \/ Yoast SEO plugin. -->","yoast_head_json":{"title":"Termini di servizio - Sito SCCL","robots":{"index":"index","follow":"follow","max-snippet":"max-snippet:-1","max-image-preview":"max-image-preview:large","max-video-preview":"max-video-preview:-1"},"canonical":"https:\/\/sccl.com\/it\/terms-of-service\/","og_locale":"it_IT","og_type":"article","og_title":"Terms of Service - SCCL Site","og_description":"Terms of Service (1) Introduction \u2013 This disclaimer governs your use of our website; by using our website, you accept this disclaimer in full. If you disagree with any part of this disclaimer, do not use our website. (2) Intellectual Property Rights \u2013 Unless otherwise stated, we or our licensors own the intellectual property rights [&hellip;]","og_url":"https:\/\/sccl.com\/it\/terms-of-service\/","og_site_name":"SCCL Site","article_modified_time":"2024-01-03T17:18:04+00:00","twitter_card":"summary_large_image","twitter_misc":{"Tempo di lettura stimato":"4 minuti"},"schema":{"@context":"https:\/\/schema.org","@graph":[{"@type":"WebPage","@id":"https:\/\/sccl.com\/terms-of-service\/","url":"https:\/\/sccl.com\/terms-of-service\/","name":"Termini di servizio - Sito SCCL","isPartOf":{"@id":"https:\/\/sccl.com\/#website"},"datePublished":"2023-12-07T12:53:29+00:00","dateModified":"2024-01-03T17:18:04+00:00","breadcrumb":{"@id":"https:\/\/sccl.com\/terms-of-service\/#breadcrumb"},"inLanguage":"it-IT","potentialAction":[{"@type":"ReadAction","target":["https:\/\/sccl.com\/terms-of-service\/"]}]},{"@type":"BreadcrumbList","@id":"https:\/\/sccl.com\/terms-of-service\/#breadcrumb","itemListElement":[{"@type":"ListItem","position":1,"name":"Home","item":"https:\/\/sccl.com\/"},{"@type":"ListItem","position":2,"name":"Terms of Service"}]},{"@type":"WebSite","@id":"https:\/\/sccl.com\/#website","url":"https:\/\/sccl.com\/","name":"Sito SCCL","description":"","publisher":{"@id":"https:\/\/sccl.com\/#organization"},"potentialAction":[{"@type":"SearchAction","target":{"@type":"EntryPoint","urlTemplate":"https:\/\/sccl.com\/?s={search_term_string}"},"query-input":{"@type":"PropertyValueSpecification","valueRequired":true,"valueName":"search_term_string"}}],"inLanguage":"it-IT"},{"@type":"Organization","@id":"https:\/\/sccl.com\/#organization","name":"Sito SCCL","url":"https:\/\/sccl.com\/","logo":{"@type":"ImageObject","inLanguage":"it-IT","@id":"https:\/\/sccl.com\/#\/schema\/logo\/image\/","url":"https:\/\/sccl.com\/wp-content\/uploads\/2023\/05\/logo.png","contentUrl":"https:\/\/sccl.com\/wp-content\/uploads\/2023\/05\/logo.png","width":100,"height":100,"caption":"SCCL Site"},"image":{"@id":"https:\/\/sccl.com\/#\/schema\/logo\/image\/"}}]}},"_links":{"self":[{"href":"https:\/\/sccl.com\/it\/wp-json\/wp\/v2\/pages\/371","targetHints":{"allow":["GET"]}}],"collection":[{"href":"https:\/\/sccl.com\/it\/wp-json\/wp\/v2\/pages"}],"about":[{"href":"https:\/\/sccl.com\/it\/wp-json\/wp\/v2\/types\/page"}],"author":[{"embeddable":true,"href":"https:\/\/sccl.com\/it\/wp-json\/wp\/v2\/users\/4"}],"replies":[{"embeddable":true,"href":"https:\/\/sccl.com\/it\/wp-json\/wp\/v2\/comments?post=371"}],"version-history":[{"count":0,"href":"https:\/\/sccl.com\/it\/wp-json\/wp\/v2\/pages\/371\/revisions"}],"wp:attachment":[{"href":"https:\/\/sccl.com\/it\/wp-json\/wp\/v2\/media?parent=371"}],"curies":[{"name":"wp","href":"https:\/\/api.w.org\/{rel}","templated":true}]}}