{"id":376,"date":"2023-12-08T11:34:17","date_gmt":"2023-12-08T11:34:17","guid":{"rendered":"https:\/\/sccl.com\/?page_id=376"},"modified":"2024-01-15T12:44:57","modified_gmt":"2024-01-15T12:44:57","slug":"disclaimer","status":"publish","type":"page","link":"https:\/\/sccl.com\/it\/disclaimer\/","title":{"rendered":"Dichiarazione di non responsabilit\u00e0"},"content":{"rendered":"<div data-elementor-type=\"wp-page\" data-elementor-id=\"376\" class=\"elementor elementor-376\" data-elementor-post-type=\"page\">\n\t\t\t\t<div class=\"elementor-element elementor-element-3b51429 e-flex e-con-boxed e-con e-parent\" data-id=\"3b51429\" data-element_type=\"container\" data-e-type=\"container\" data-settings=\"{&quot;jet_parallax_layout_list&quot;:[]}\">\n\t\t\t\t\t<div class=\"e-con-inner\">\n\t\t\t\t<div class=\"elementor-element elementor-element-b2b6afa elementor-widget elementor-widget-heading\" data-id=\"b2b6afa\" data-element_type=\"widget\" data-e-type=\"widget\" data-widget_type=\"heading.default\">\n\t\t\t\t<div class=\"elementor-widget-container\">\n\t\t\t\t\t<h2 class=\"elementor-heading-title elementor-size-default\">Esclusione di responsabilit\u00e0 del SCCL per i corsi di formazione continua e i contenuti correlati<\/h2>\t\t\t\t<\/div>\n\t\t\t\t<\/div>\n\t\t\t\t<div data-dce-text-color=\"#797979\" class=\"elementor-element elementor-element-87eb105 elementor-widget elementor-widget-text-editor\" data-id=\"87eb105\" data-element_type=\"widget\" data-e-type=\"widget\" data-widget_type=\"text-editor.default\">\n\t\t\t\t<div class=\"elementor-widget-container\">\n\t\t\t\t\t\t\t\t\t<p>I corsi di formazione continua della Saskatoon Colostrum Company Ltd. (\"SCCL\") (i \"Corsi\") e tutto il materiale informativo e i contenuti correlati, compresi, a titolo esemplificativo e non esaustivo, la e-newsletter e le pagine di visualizzazione della SCCL (\"Contenuti correlati\"), che appaiono su www.sccl.com o su uno qualsiasi dei suoi sottodomini o che vengono forniti in altro modo agli utenti, sono forniti \"COS\u00cc COME SONO\" e sono destinati esclusivamente alla comprensione e all'educazione generale dei consumatori. L'accesso ai Corsi o ai Contenuti correlati \u00e8 volontario e a rischio esclusivo dell'utente. SCCL non rilascia dichiarazioni o garanzie di alcun tipo, espresse o implicite, circa la completezza, l'accuratezza, l'affidabilit\u00e0, l'idoneit\u00e0 o la disponibilit\u00e0 dei Corsi o dei Contenuti correlati. Se l'utente non \u00e8 soddisfatto dei Corsi o dei Contenuti correlati, il suo unico ed esclusivo rimedio \u00e8 quello di interrompere l'utilizzo dei Corsi e del sito.\u00a0<\/p><p>Nulla di quanto contenuto nei Corsi o nei Contenuti correlati deve essere considerato o utilizzato come sostituto di una consulenza medica veterinaria, di una diagnosi o di un trattamento. Le informazioni fornite sul sito web sono solo a scopo educativo e informativo e non intendono sostituire la consulenza professionale di un veterinario o di un altro professionista. I corsi e i contenuti correlati sono concepiti per educare i consumatori sui benefici generali del colostro che possono influire sulla vita quotidiana dei loro animali. Questo sito e i suoi corsi non costituiscono una pratica di consulenza, diagnosi o trattamento medico veterinario o di altro tipo. SCCL declina ogni responsabilit\u00e0 per eventuali danni o perdite, dirette o indirette, che possano derivare dall'uso o dall'affidamento alle informazioni contenute nei Corsi o nei Contenuti correlati.\u00a0<\/p><p>Sebbene l'accesso ai Corsi e ai Contenuti correlati sia aperto agli utenti di tutto il mondo, SCCL \u00e8 organizzata secondo le leggi del Canada. Pertanto, i termini della presente clausola di esclusione della responsabilit\u00e0 sono disciplinati dalle leggi del Saskatchewan, Canada, per quanto riguarda l'interpretazione, la validit\u00e0 e l'effetto della presente clausola di esclusione della responsabilit\u00e0, senza tener conto di eventuali conflitti con le disposizioni di legge del vostro domicilio, residenza o ubicazione fisica. L'utente accetta di sottoporsi alla giurisdizione di Saskatchewan.\u00a0<\/p><p>SCCL consiglia ai consumatori di rivolgersi sempre a un veterinario, a uno specialista veterinario o a un altro operatore sanitario qualificato per qualsiasi domanda sulla salute o sulle condizioni mediche di un animale. Non ignorate, evitate o ritardate mai l'ottenimento di un parere medico da parte del vostro veterinario o di un altro operatore sanitario qualificato a causa di qualcosa che avete letto su questo sito.<\/p>\t\t\t\t\t\t\t\t<\/div>\n\t\t\t\t<\/div>\n\t\t\t\t\t<\/div>\n\t\t\t\t<\/div>\n\t\t<div class=\"elementor-element elementor-element-6b69f6e e-flex e-con-boxed e-con e-child\" data-id=\"6b69f6e\" data-element_type=\"container\" data-e-type=\"container\" data-settings=\"{&quot;jet_parallax_layout_list&quot;:[]}\">\n\t\t\t\t\t<div class=\"e-con-inner\">\n\t\t\t\t<div class=\"elementor-element elementor-element-264b631 elementor-align-left elementor-widget elementor-widget-button\" data-id=\"264b631\" data-element_type=\"widget\" data-e-type=\"widget\" data-widget_type=\"button.default\">\n\t\t\t\t<div class=\"elementor-widget-container\">\n\t\t\t\t\t\t\t\t\t<div class=\"elementor-button-wrapper\">\n\t\t\t\t\t<a class=\"elementor-button elementor-button-link elementor-size-lg\" href=\"https:\/\/sccl.com\/it\/\">\n\t\t\t\t\t\t<span class=\"elementor-button-content-wrapper\">\n\t\t\t\t\t\t<span class=\"elementor-button-icon\">\n\t\t\t\t<svg xmlns=\"http:\/\/www.w3.org\/2000\/svg\" id=\"Layer_1\" viewbox=\"0 0 31 31\"><defs><style>.cls-1,.cls-2{fill:none;stroke:#181f24;stroke-linecap:round;stroke-linejoin:round;}.cls-2{stroke-width:2px;}<\/style><\/defs><g id=\"Icon_feather-arrow-right-circle\"><path id=\"Path_4159\" class=\"cls-1\" d=\"m.5,15.5c0,8.28,6.72,15,15,15s15-6.72,15-15S23.78.5,15.5.5.5,7.22.5,15.5Z\"><\/path><path id=\"Path_4160\" class=\"cls-2\" d=\"m15.5,20.15l-4.65-4.65,4.65-4.65\"><\/path><path id=\"Path_4161\" class=\"cls-2\" d=\"m20.14,15.5h-9.29\"><\/path><\/g><\/svg>\t\t\t<\/span>\n\t\t\t\t\t\t\t\t\t<span class=\"elementor-button-text\">Torna alla pagina iniziale<\/span>\n\t\t\t\t\t<\/span>\n\t\t\t\t\t<\/a>\n\t\t\t\t<\/div>\n\t\t\t\t\t\t\t\t<\/div>\n\t\t\t\t<\/div>\n\t\t\t\t\t<\/div>\n\t\t\t\t<\/div>\n\t\t\t\t<\/div>","protected":false},"excerpt":{"rendered":"<p>SCCL Disclaimer for Continuing Education Courses &#038; Related Content The Saskatoon Colostrum Company Ltd.\u2019s (\u201cSCCL\u201d) Continuing Education Courses (the \u201cCourses\u201d), and all related informational material and content including, without limitation, SCCL\u2019s e-newsletter and display pages (\u201cRelated Content\u201d) which appear on www.sccl.com or any of its subdomains or are otherwise provided to users, are provided on [&hellip;]<\/p>\n","protected":false},"author":4,"featured_media":0,"parent":0,"menu_order":0,"comment_status":"closed","ping_status":"closed","template":"","meta":{"_acf_changed":false,"content-type":"","_monsterinsights_skip_tracking":false,"_monsterinsights_sitenote_active":false,"_monsterinsights_sitenote_note":"","_monsterinsights_sitenote_category":0,"footnotes":""},"class_list":["post-376","page","type-page","status-publish","hentry"],"acf":[],"yoast_head":"<!-- This site is optimized with the Yoast SEO plugin v27.2 - https:\/\/yoast.com\/product\/yoast-seo-wordpress\/ -->\n<title>Disclaimer - SCCL Site<\/title>\n<meta name=\"robots\" content=\"index, follow, max-snippet:-1, max-image-preview:large, max-video-preview:-1\" \/>\n<link rel=\"canonical\" href=\"https:\/\/sccl.com\/it\/disclaimer\/\" \/>\n<meta property=\"og:locale\" content=\"it_IT\" \/>\n<meta property=\"og:type\" content=\"article\" \/>\n<meta property=\"og:title\" content=\"Disclaimer - SCCL Site\" \/>\n<meta property=\"og:description\" content=\"SCCL Disclaimer for Continuing Education Courses &#038; Related Content The Saskatoon Colostrum Company Ltd.\u2019s (\u201cSCCL\u201d) Continuing Education Courses (the \u201cCourses\u201d), and all related informational material and content including, without limitation, SCCL\u2019s e-newsletter and display pages (\u201cRelated Content\u201d) which appear on www.sccl.com or any of its subdomains or are otherwise provided to users, are provided on [&hellip;]\" \/>\n<meta property=\"og:url\" content=\"https:\/\/sccl.com\/it\/disclaimer\/\" \/>\n<meta property=\"og:site_name\" content=\"SCCL Site\" \/>\n<meta property=\"article:modified_time\" content=\"2024-01-15T12:44:57+00:00\" \/>\n<meta name=\"twitter:card\" content=\"summary_large_image\" \/>\n<meta name=\"twitter:label1\" content=\"Tempo di lettura stimato\" \/>\n\t<meta name=\"twitter:data1\" content=\"2 minuti\" \/>\n<script type=\"application\/ld+json\" class=\"yoast-schema-graph\">{\"@context\":\"https:\/\/schema.org\",\"@graph\":[{\"@type\":\"WebPage\",\"@id\":\"https:\/\/sccl.com\/disclaimer\/\",\"url\":\"https:\/\/sccl.com\/disclaimer\/\",\"name\":\"Disclaimer - SCCL Site\",\"isPartOf\":{\"@id\":\"https:\/\/sccl.com\/#website\"},\"datePublished\":\"2023-12-08T11:34:17+00:00\",\"dateModified\":\"2024-01-15T12:44:57+00:00\",\"breadcrumb\":{\"@id\":\"https:\/\/sccl.com\/disclaimer\/#breadcrumb\"},\"inLanguage\":\"it-IT\",\"potentialAction\":[{\"@type\":\"ReadAction\",\"target\":[\"https:\/\/sccl.com\/disclaimer\/\"]}]},{\"@type\":\"BreadcrumbList\",\"@id\":\"https:\/\/sccl.com\/disclaimer\/#breadcrumb\",\"itemListElement\":[{\"@type\":\"ListItem\",\"position\":1,\"name\":\"Home\",\"item\":\"https:\/\/sccl.com\/\"},{\"@type\":\"ListItem\",\"position\":2,\"name\":\"Disclaimer\"}]},{\"@type\":\"WebSite\",\"@id\":\"https:\/\/sccl.com\/#website\",\"url\":\"https:\/\/sccl.com\/\",\"name\":\"SCCL Site\",\"description\":\"\",\"publisher\":{\"@id\":\"https:\/\/sccl.com\/#organization\"},\"potentialAction\":[{\"@type\":\"SearchAction\",\"target\":{\"@type\":\"EntryPoint\",\"urlTemplate\":\"https:\/\/sccl.com\/?s={search_term_string}\"},\"query-input\":{\"@type\":\"PropertyValueSpecification\",\"valueRequired\":true,\"valueName\":\"search_term_string\"}}],\"inLanguage\":\"it-IT\"},{\"@type\":\"Organization\",\"@id\":\"https:\/\/sccl.com\/#organization\",\"name\":\"SCCL Site\",\"url\":\"https:\/\/sccl.com\/\",\"logo\":{\"@type\":\"ImageObject\",\"inLanguage\":\"it-IT\",\"@id\":\"https:\/\/sccl.com\/#\/schema\/logo\/image\/\",\"url\":\"https:\/\/sccl.com\/wp-content\/uploads\/2023\/05\/logo.png\",\"contentUrl\":\"https:\/\/sccl.com\/wp-content\/uploads\/2023\/05\/logo.png\",\"width\":100,\"height\":100,\"caption\":\"SCCL Site\"},\"image\":{\"@id\":\"https:\/\/sccl.com\/#\/schema\/logo\/image\/\"}}]}<\/script>\n<!-- \/ Yoast SEO plugin. -->","yoast_head_json":{"title":"Disclaimer - Sito SCCL","robots":{"index":"index","follow":"follow","max-snippet":"max-snippet:-1","max-image-preview":"max-image-preview:large","max-video-preview":"max-video-preview:-1"},"canonical":"https:\/\/sccl.com\/it\/disclaimer\/","og_locale":"it_IT","og_type":"article","og_title":"Disclaimer - SCCL Site","og_description":"SCCL Disclaimer for Continuing Education Courses &#038; Related Content The Saskatoon Colostrum Company Ltd.\u2019s (\u201cSCCL\u201d) Continuing Education Courses (the \u201cCourses\u201d), and all related informational material and content including, without limitation, SCCL\u2019s e-newsletter and display pages (\u201cRelated Content\u201d) which appear on www.sccl.com or any of its subdomains or are otherwise provided to users, are provided on [&hellip;]","og_url":"https:\/\/sccl.com\/it\/disclaimer\/","og_site_name":"SCCL Site","article_modified_time":"2024-01-15T12:44:57+00:00","twitter_card":"summary_large_image","twitter_misc":{"Tempo di lettura stimato":"2 minuti"},"schema":{"@context":"https:\/\/schema.org","@graph":[{"@type":"WebPage","@id":"https:\/\/sccl.com\/disclaimer\/","url":"https:\/\/sccl.com\/disclaimer\/","name":"Disclaimer - Sito SCCL","isPartOf":{"@id":"https:\/\/sccl.com\/#website"},"datePublished":"2023-12-08T11:34:17+00:00","dateModified":"2024-01-15T12:44:57+00:00","breadcrumb":{"@id":"https:\/\/sccl.com\/disclaimer\/#breadcrumb"},"inLanguage":"it-IT","potentialAction":[{"@type":"ReadAction","target":["https:\/\/sccl.com\/disclaimer\/"]}]},{"@type":"BreadcrumbList","@id":"https:\/\/sccl.com\/disclaimer\/#breadcrumb","itemListElement":[{"@type":"ListItem","position":1,"name":"Home","item":"https:\/\/sccl.com\/"},{"@type":"ListItem","position":2,"name":"Disclaimer"}]},{"@type":"WebSite","@id":"https:\/\/sccl.com\/#website","url":"https:\/\/sccl.com\/","name":"Sito SCCL","description":"","publisher":{"@id":"https:\/\/sccl.com\/#organization"},"potentialAction":[{"@type":"SearchAction","target":{"@type":"EntryPoint","urlTemplate":"https:\/\/sccl.com\/?s={search_term_string}"},"query-input":{"@type":"PropertyValueSpecification","valueRequired":true,"valueName":"search_term_string"}}],"inLanguage":"it-IT"},{"@type":"Organization","@id":"https:\/\/sccl.com\/#organization","name":"Sito SCCL","url":"https:\/\/sccl.com\/","logo":{"@type":"ImageObject","inLanguage":"it-IT","@id":"https:\/\/sccl.com\/#\/schema\/logo\/image\/","url":"https:\/\/sccl.com\/wp-content\/uploads\/2023\/05\/logo.png","contentUrl":"https:\/\/sccl.com\/wp-content\/uploads\/2023\/05\/logo.png","width":100,"height":100,"caption":"SCCL Site"},"image":{"@id":"https:\/\/sccl.com\/#\/schema\/logo\/image\/"}}]}},"_links":{"self":[{"href":"https:\/\/sccl.com\/it\/wp-json\/wp\/v2\/pages\/376","targetHints":{"allow":["GET"]}}],"collection":[{"href":"https:\/\/sccl.com\/it\/wp-json\/wp\/v2\/pages"}],"about":[{"href":"https:\/\/sccl.com\/it\/wp-json\/wp\/v2\/types\/page"}],"author":[{"embeddable":true,"href":"https:\/\/sccl.com\/it\/wp-json\/wp\/v2\/users\/4"}],"replies":[{"embeddable":true,"href":"https:\/\/sccl.com\/it\/wp-json\/wp\/v2\/comments?post=376"}],"version-history":[{"count":0,"href":"https:\/\/sccl.com\/it\/wp-json\/wp\/v2\/pages\/376\/revisions"}],"wp:attachment":[{"href":"https:\/\/sccl.com\/it\/wp-json\/wp\/v2\/media?parent=376"}],"curies":[{"name":"wp","href":"https:\/\/api.w.org\/{rel}","templated":true}]}}