{"id":1604,"date":"2024-05-24T17:48:09","date_gmt":"2024-05-24T17:48:09","guid":{"rendered":"https:\/\/sccl.com\/?page_id=1604"},"modified":"2024-06-04T11:35:10","modified_gmt":"2024-06-04T11:35:10","slug":"feedback-survey-calf-and-colostrum-management-webinar","status":"publish","type":"page","link":"https:\/\/sccl.com\/pl\/feedback-survey-calf-and-colostrum-management-webinar\/","title":{"rendered":"Ankieta zwrotna - Webinarium na temat zarz\u0105dzania ciel\u0119tami i siar\u0105"},"content":{"rendered":"\t\t<div data-elementor-type=\"wp-page\" data-elementor-id=\"1604\" class=\"elementor elementor-1604\" data-elementor-post-type=\"page\">\n\t\t\t\t<div class=\"elementor-element elementor-element-a6697c1 e-flex e-con-boxed e-con e-parent\" data-id=\"a6697c1\" data-element_type=\"container\" data-e-type=\"container\" data-settings=\"{&quot;jet_parallax_layout_list&quot;:[]}\">\n\t\t\t\t\t<div class=\"e-con-inner\">\n\t\t<div class=\"elementor-element elementor-element-8b4c8e0 e-flex e-con-boxed e-con e-child\" data-id=\"8b4c8e0\" data-element_type=\"container\" data-e-type=\"container\" data-settings=\"{&quot;jet_parallax_layout_list&quot;:[]}\">\n\t\t\t\t\t<div class=\"e-con-inner\">\n\t\t\t\t<div class=\"elementor-element elementor-element-e755e2c elementor-widget elementor-widget-heading\" data-id=\"e755e2c\" data-element_type=\"widget\" data-e-type=\"widget\" data-widget_type=\"heading.default\">\n\t\t\t\t<div class=\"elementor-widget-container\">\n\t\t\t\t\t<h2 class=\"elementor-heading-title elementor-size-default\">Calf and Colostrum Management Webinar<\/h2>\t\t\t\t<\/div>\n\t\t\t\t<\/div>\n\t\t\t\t\t<\/div>\n\t\t\t\t<\/div>\n\t\t<div class=\"elementor-element elementor-element-ff6316f e-flex e-con-boxed e-con e-child\" data-id=\"ff6316f\" data-element_type=\"container\" data-e-type=\"container\" data-settings=\"{&quot;jet_parallax_layout_list&quot;:[]}\">\n\t\t\t\t\t<div class=\"e-con-inner\">\n\t\t<div data-dce-background-image-url=\"https:\/\/sccl.com\/wp-content\/uploads\/2023\/12\/DSC09612-scaled.jpg\" class=\"elementor-element elementor-element-a8cf876 e-con-full e-flex e-con e-child\" data-id=\"a8cf876\" data-element_type=\"container\" data-e-type=\"container\" data-settings=\"{&quot;jet_parallax_layout_list&quot;:[],&quot;background_background&quot;:&quot;classic&quot;}\">\n\t\t\t\t<\/div>\n\t\t<div class=\"elementor-element elementor-element-9877310 e-con-full e-flex e-con e-child\" data-id=\"9877310\" data-element_type=\"container\" data-e-type=\"container\" data-settings=\"{&quot;jet_parallax_layout_list&quot;:[]}\">\n\t\t\t\t<\/div>\n\t\t<div class=\"elementor-element elementor-element-184e5bf e-con-full e-flex e-con e-child\" data-id=\"184e5bf\" data-element_type=\"container\" data-e-type=\"container\" data-settings=\"{&quot;jet_parallax_layout_list&quot;:[]}\">\n\t\t\t\t<div data-dce-title-color=\"#000000\" class=\"elementor-element elementor-element-e127726 elementor-widget elementor-widget-heading\" data-id=\"e127726\" data-element_type=\"widget\" data-e-type=\"widget\" data-widget_type=\"heading.default\">\n\t\t\t\t<div class=\"elementor-widget-container\">\n\t\t\t\t\t<h2 class=\"elementor-heading-title elementor-size-default\">Thank you for attending the SCCL Webinar!<\/h2>\t\t\t\t<\/div>\n\t\t\t\t<\/div>\n\t\t\t\t<div data-dce-title-color=\"#181F24\" class=\"elementor-element elementor-element-9f58c28 elementor-widget elementor-widget-heading\" data-id=\"9f58c28\" data-element_type=\"widget\" data-e-type=\"widget\" data-widget_type=\"heading.default\">\n\t\t\t\t<div class=\"elementor-widget-container\">\n\t\t\t\t\t<h2 class=\"elementor-heading-title elementor-size-default\">We are always looking to improve and would love your feedback!<br> Please take a couple minutes to let us know your thoughts on how we did and how we can improve.<\/h2>\t\t\t\t<\/div>\n\t\t\t\t<\/div>\n\t\t\t\t<div class=\"elementor-element elementor-element-5600475 elementor-button-align-end elementor-widget elementor-widget-form\" data-id=\"5600475\" data-element_type=\"widget\" data-e-type=\"widget\" data-settings=\"{&quot;step_next_label&quot;:&quot;Next&quot;,&quot;step_previous_label&quot;:&quot;Previous&quot;,&quot;button_width&quot;:&quot;100&quot;,&quot;dce_confirm_dialog_enabled&quot;:&quot;no&quot;,&quot;step_type&quot;:&quot;number_text&quot;,&quot;step_icon_shape&quot;:&quot;circle&quot;,&quot;label_icon_size&quot;:{&quot;unit&quot;:&quot;px&quot;,&quot;size&quot;:&quot;&quot;,&quot;sizes&quot;:[]},&quot;field_icon_size&quot;:{&quot;unit&quot;:&quot;px&quot;,&quot;size&quot;:&quot;&quot;,&quot;sizes&quot;:[]}}\" data-widget_type=\"form.default\">\n\t\t\t\t<div class=\"elementor-widget-container\">\n\t\t\t\t\t\t\t<form class=\"elementor-form\" method=\"post\" name=\"Calf and Colostrum Management Webinar - Feedback Survey\" aria-label=\"Calf and Colostrum Management Webinar - Feedback Survey\">\n\t\t\t<input type=\"hidden\" name=\"post_id\" value=\"1604\"\/>\n\t\t\t<input type=\"hidden\" name=\"form_id\" value=\"5600475\"\/>\n\t\t\t<input type=\"hidden\" name=\"referer_title\" value=\"Feedback Survey - Calf and Colostrum Management Webinar - SCCL Site\" \/>\n\n\t\t\t\t\t\t\t<input type=\"hidden\" name=\"queried_id\" value=\"1604\"\/>\n\t\t\t\n\t\t\t<div class=\"elementor-form-fields-wrapper elementor-labels-above\">\n\t\t\t\t\t\t\t\t<div class=\"elementor-field-type-select elementor-field-group elementor-column elementor-field-group-field_fc06711 elementor-col-50 elementor-field-required elementor-mark-required\">\n\t\t\t\t\t\t\t\t\t\t\t\t<label for=\"form-field-field_fc06711\" class=\"elementor-field-label\">\n\t\t\t\t\t\t\t\tHow useful did you find today\u2019s webinar?\t\t\t\t\t\t\t<\/label>\n\t\t\t\t\t\t\t\t<div class=\"elementor-field elementor-select-wrapper remove-before \">\n\t\t\t<div class=\"select-caret-down-wrapper\">\n\t\t\t\t<i aria-hidden=\"true\" class=\"eicon-caret-down\"><\/i>\t\t\t<\/div>\n\t\t\t<select name=\"form_fields[field_fc06711]\" id=\"form-field-field_fc06711\" class=\"elementor-field-textual elementor-size-xs\" required=\"required\">\n\t\t\t\t\t\t\t\t\t<option value=\"1 - Not Useful\">1 - Not Useful<\/option>\n\t\t\t\t\t\t\t\t\t<option value=\"2\">2<\/option>\n\t\t\t\t\t\t\t\t\t<option value=\"3\">3<\/option>\n\t\t\t\t\t\t\t\t\t<option value=\"4\">4<\/option>\n\t\t\t\t\t\t\t\t\t<option value=\"5 - Very Useful\">5 - Very Useful<\/option>\n\t\t\t\t\t\t\t<\/select>\n\t\t<\/div>\n\t\t\t\t\t\t<\/div>\n\t\t\t\t\t\t\t\t<div class=\"elementor-field-type-textarea elementor-field-group elementor-column elementor-field-group-field_f9e5b51 elementor-col-100 elementor-field-required elementor-mark-required\">\n\t\t\t\t\t\t\t\t\t\t\t\t<label for=\"form-field-field_f9e5b51\" class=\"elementor-field-label\">\n\t\t\t\t\t\t\t\tWe are continuously trying to improve participant experience. Do you have suggestions for improvement?\t\t\t\t\t\t\t<\/label>\n\t\t\t\t\t\t<textarea class=\"elementor-field-textual elementor-field  elementor-size-xs\" name=\"form_fields[field_f9e5b51]\" id=\"form-field-field_f9e5b51\" rows=\"3\" required=\"required\"><\/textarea>\t\t\t\t<\/div>\n\t\t\t\t\t\t\t\t<div class=\"elementor-field-type-textarea elementor-field-group elementor-column elementor-field-group-field_02f808c elementor-col-100 elementor-field-required elementor-mark-required\">\n\t\t\t\t\t\t\t\t\t\t\t\t<label for=\"form-field-field_02f808c\" class=\"elementor-field-label\">\n\t\t\t\t\t\t\t\tWhat topic(s) would you like to see hosted in the future?\t\t\t\t\t\t\t<\/label>\n\t\t\t\t\t\t<textarea class=\"elementor-field-textual elementor-field  elementor-size-xs\" name=\"form_fields[field_02f808c]\" id=\"form-field-field_02f808c\" rows=\"3\" required=\"required\"><\/textarea>\t\t\t\t<\/div>\n\t\t\t\t\t\t\t\t<div class=\"elementor-field-type-select elementor-field-group elementor-column elementor-field-group-field_fce4e45 elementor-col-50 elementor-field-required elementor-mark-required\">\n\t\t\t\t\t\t\t\t\t\t\t\t<label for=\"form-field-field_fce4e45\" class=\"elementor-field-label\">\n\t\t\t\t\t\t\t\tHow likely are you to attend a future webinar?\t\t\t\t\t\t\t<\/label>\n\t\t\t\t\t\t\t\t<div class=\"elementor-field elementor-select-wrapper remove-before \">\n\t\t\t<div class=\"select-caret-down-wrapper\">\n\t\t\t\t<i aria-hidden=\"true\" class=\"eicon-caret-down\"><\/i>\t\t\t<\/div>\n\t\t\t<select name=\"form_fields[field_fce4e45]\" id=\"form-field-field_fce4e45\" class=\"elementor-field-textual elementor-size-xs\" required=\"required\">\n\t\t\t\t\t\t\t\t\t<option value=\"1 - Not Likely\">1 - Not Likely<\/option>\n\t\t\t\t\t\t\t\t\t<option value=\"2\">2<\/option>\n\t\t\t\t\t\t\t\t\t<option value=\"3\">3<\/option>\n\t\t\t\t\t\t\t\t\t<option value=\"4\">4<\/option>\n\t\t\t\t\t\t\t\t\t<option value=\"5 - Very Likely\">5 - Very Likely<\/option>\n\t\t\t\t\t\t\t<\/select>\n\t\t<\/div>\n\t\t\t\t\t\t<\/div>\n\t\t\t\t\t\t\t\t<div class=\"elementor-field-type-textarea elementor-field-group elementor-column elementor-field-group-field_4bde6bd elementor-col-100 elementor-field-required elementor-mark-required\">\n\t\t\t\t\t\t\t\t\t\t\t\t<label for=\"form-field-field_4bde6bd\" class=\"elementor-field-label\">\n\t\t\t\t\t\t\t\tWhat was your favorite part about the webinar?\t\t\t\t\t\t\t<\/label>\n\t\t\t\t\t\t<textarea class=\"elementor-field-textual elementor-field  elementor-size-xs\" name=\"form_fields[field_4bde6bd]\" id=\"form-field-field_4bde6bd\" rows=\"3\" required=\"required\"><\/textarea>\t\t\t\t<\/div>\n\t\t\t\t\t\t\t\t<div class=\"elementor-field-group elementor-column elementor-field-type-submit elementor-col-100 e-form__buttons\">\n\t\t\t\t\t<button class=\"elementor-button elementor-size-sm\" type=\"submit\">\n\t\t\t\t\t\t<span class=\"elementor-button-content-wrapper\">\n\t\t\t\t\t\t\t\t\t\t\t\t\t\t\t<span class=\"elementor-button-icon\">\n\t\t\t\t\t\t\t\t\t<svg xmlns=\"http:\/\/www.w3.org\/2000\/svg\" height=\"24\" viewBox=\"0 0 24 24\" width=\"24\"><path d=\"m12.0007042 2.00070416c5.5228475 0 10 4.4771525 10 10.00000004 0 5.5228475-4.4771525 10-10 10-5.52284754 0-10.00000004-4.4771525-10.00000004-10 0-5.52284754 4.4771525-10.00000004 10.00000004-10.00000004zm0 1.5c-4.69442042 0-8.50000004 3.80557962-8.50000004 8.50000004 0 4.6944203 3.80557962 8.5 8.50000004 8.5 4.6944203 0 8.5-3.8055797 8.5-8.5 0-4.69442042-3.8055797-8.50000004-8.5-8.50000004zm-.3529483 4.05308419.0726182-.08411844c.2662665-.26626656.6829302-.29047261.9765417-.07261815l.0841184.07261815 4.0008227 4.00082269c.2663025.2663024.2904743.6830339.0725417.9766451l-.0726429.0841162-4.0015268 4c-.2929491.2928373-.7678228.2927467-1.0606602-.0002024-.2662157-.2663173-.2903423-.6829856-.0724318-.9765556l.0726342-.0841045 2.7219331-2.7206872-6.6917042.0002958c-.37969577 0-.69349096-.2821539-.74315338-.6482294l-.00684662-.1017706c0-.3796958.28215388-.693491.64822944-.7431534l.10177056-.0068466 6.6897042-.0002958-2.7193301-2.71937411c-.2662666-.26626657-.2904726-.68293025-.0726182-.97654174l.0726182-.08411844z\" fill=\"#212121\"><\/path><\/svg>\t\t\t\t\t\t\t\t\t\t\t\t\t\t\t\t\t<\/span>\n\t\t\t\t\t\t\t\t\t\t\t\t\t\t\t\t\t\t\t\t\t\t<span class=\"elementor-button-text\">Submit<\/span>\n\t\t\t\t\t\t\t\t\t\t\t\t\t<\/span>\n\t\t\t\t\t<\/button>\n\t\t\t\t<\/div>\n\t\t\t<\/div>\n\t\t<\/form>\n\t\t\t\t\t\t<\/div>\n\t\t\t\t<\/div>\n\t\t\t\t<\/div>\n\t\t\t\t\t<\/div>\n\t\t\t\t<\/div>\n\t\t\t\t<div class=\"elementor-element elementor-element-c325abf elementor-align-left elementor-widget elementor-widget-button\" data-id=\"c325abf\" data-element_type=\"widget\" data-e-type=\"widget\" data-widget_type=\"button.default\">\n\t\t\t\t<div class=\"elementor-widget-container\">\n\t\t\t\t\t\t\t\t\t<div class=\"elementor-button-wrapper\">\n\t\t\t\t\t<a class=\"elementor-button elementor-button-link elementor-size-sm\" href=\"https:\/\/sccl.com\/continuing-education-courses\/\">\n\t\t\t\t\t\t<span class=\"elementor-button-content-wrapper\">\n\t\t\t\t\t\t<span class=\"elementor-button-icon\">\n\t\t\t\t<svg xmlns=\"http:\/\/www.w3.org\/2000\/svg\" id=\"Layer_1\" viewBox=\"0 0 31 31\"><defs><style>.cls-1,.cls-2{fill:none;stroke:#181f24;stroke-linecap:round;stroke-linejoin:round;}.cls-2{stroke-width:2px;}<\/style><\/defs><g id=\"Icon_feather-arrow-right-circle\"><path id=\"Path_4159\" class=\"cls-1\" d=\"m.5,15.5c0,8.28,6.72,15,15,15s15-6.72,15-15S23.78.5,15.5.5.5,7.22.5,15.5Z\"><\/path><path id=\"Path_4160\" class=\"cls-2\" d=\"m15.5,20.15l-4.65-4.65,4.65-4.65\"><\/path><path id=\"Path_4161\" class=\"cls-2\" d=\"m20.14,15.5h-9.29\"><\/path><\/g><\/svg>\t\t\t<\/span>\n\t\t\t\t\t\t\t\t\t<span class=\"elementor-button-text\">Go back to Continuing Education Courses<\/span>\n\t\t\t\t\t<\/span>\n\t\t\t\t\t<\/a>\n\t\t\t\t<\/div>\n\t\t\t\t\t\t\t\t<\/div>\n\t\t\t\t<\/div>\n\t\t\t\t\t<\/div>\n\t\t\t\t<\/div>\n\t\t\t\t<\/div>\n\t\t","protected":false},"excerpt":{"rendered":"<p>Webinarium na temat zarz\u0105dzania ciel\u0119tami i siar\u0105 Dzi\u0119kujemy za udzia\u0142 w webinarium SCCL! Zawsze d\u0105\u017cymy do poprawy i chcieliby\u015bmy pozna\u0107 Twoj\u0105 opini\u0119! Po\u015bwi\u0119\u0107 kilka minut, aby podzieli\u0107 si\u0119 z nami swoimi przemy\u015bleniami na temat tego, jak nam posz\u0142o i jak mo\u017cemy si\u0119 poprawi\u0107. Wr\u00f3\u0107 do kurs\u00f3w kszta\u0142cenia ustawicznego<\/p>","protected":false},"author":4,"featured_media":0,"parent":0,"menu_order":0,"comment_status":"closed","ping_status":"closed","template":"","meta":{"_acf_changed":false,"content-type":"","_monsterinsights_skip_tracking":false,"_monsterinsights_sitenote_active":false,"_monsterinsights_sitenote_note":"","_monsterinsights_sitenote_category":0,"footnotes":""},"class_list":["post-1604","page","type-page","status-publish","hentry"],"acf":[],"yoast_head":"<!-- This site is optimized with the Yoast SEO plugin v27.3 - https:\/\/yoast.com\/product\/yoast-seo-wordpress\/ -->\n<title>Feedback Survey - Calf and Colostrum Management Webinar - SCCL Site<\/title>\n<meta name=\"robots\" content=\"index, follow, max-snippet:-1, max-image-preview:large, max-video-preview:-1\" \/>\n<link rel=\"canonical\" href=\"https:\/\/sccl.com\/pl\/feedback-survey-calf-and-colostrum-management-webinar\/\" \/>\n<meta property=\"og:locale\" content=\"pl_PL\" \/>\n<meta property=\"og:type\" content=\"article\" \/>\n<meta property=\"og:title\" content=\"Feedback Survey - Calf and Colostrum Management Webinar - SCCL Site\" \/>\n<meta property=\"og:description\" content=\"Calf and Colostrum Management Webinar Thank you for attending the SCCL Webinar! We are always looking to improve and would love your feedback! Please take a couple minutes to let us know your thoughts on how we did and how we can improve. Go back to Continuing Education Courses\" \/>\n<meta property=\"og:url\" content=\"https:\/\/sccl.com\/pl\/feedback-survey-calf-and-colostrum-management-webinar\/\" \/>\n<meta property=\"og:site_name\" content=\"SCCL Site\" \/>\n<meta property=\"article:modified_time\" content=\"2024-06-04T11:35:10+00:00\" \/>\n<meta name=\"twitter:card\" content=\"summary_large_image\" \/>\n<meta name=\"twitter:label1\" content=\"Szacowany czas czytania\" \/>\n\t<meta name=\"twitter:data1\" content=\"1 minuta\" \/>\n<script type=\"application\/ld+json\" class=\"yoast-schema-graph\">{\"@context\":\"https:\\\/\\\/schema.org\",\"@graph\":[{\"@type\":\"WebPage\",\"@id\":\"https:\\\/\\\/sccl.com\\\/feedback-survey-calf-and-colostrum-management-webinar\\\/\",\"url\":\"https:\\\/\\\/sccl.com\\\/feedback-survey-calf-and-colostrum-management-webinar\\\/\",\"name\":\"Feedback Survey - Calf and Colostrum Management Webinar - SCCL Site\",\"isPartOf\":{\"@id\":\"https:\\\/\\\/sccl.com\\\/#website\"},\"datePublished\":\"2024-05-24T17:48:09+00:00\",\"dateModified\":\"2024-06-04T11:35:10+00:00\",\"breadcrumb\":{\"@id\":\"https:\\\/\\\/sccl.com\\\/feedback-survey-calf-and-colostrum-management-webinar\\\/#breadcrumb\"},\"inLanguage\":\"pl-PL\",\"potentialAction\":[{\"@type\":\"ReadAction\",\"target\":[\"https:\\\/\\\/sccl.com\\\/feedback-survey-calf-and-colostrum-management-webinar\\\/\"]}]},{\"@type\":\"BreadcrumbList\",\"@id\":\"https:\\\/\\\/sccl.com\\\/feedback-survey-calf-and-colostrum-management-webinar\\\/#breadcrumb\",\"itemListElement\":[{\"@type\":\"ListItem\",\"position\":1,\"name\":\"Home\",\"item\":\"https:\\\/\\\/sccl.com\\\/\"},{\"@type\":\"ListItem\",\"position\":2,\"name\":\"Feedback Survey &#8211; Calf and Colostrum Management Webinar\"}]},{\"@type\":\"WebSite\",\"@id\":\"https:\\\/\\\/sccl.com\\\/#website\",\"url\":\"https:\\\/\\\/sccl.com\\\/\",\"name\":\"SCCL Site\",\"description\":\"\",\"publisher\":{\"@id\":\"https:\\\/\\\/sccl.com\\\/#organization\"},\"potentialAction\":[{\"@type\":\"SearchAction\",\"target\":{\"@type\":\"EntryPoint\",\"urlTemplate\":\"https:\\\/\\\/sccl.com\\\/?s={search_term_string}\"},\"query-input\":{\"@type\":\"PropertyValueSpecification\",\"valueRequired\":true,\"valueName\":\"search_term_string\"}}],\"inLanguage\":\"pl-PL\"},{\"@type\":\"Organization\",\"@id\":\"https:\\\/\\\/sccl.com\\\/#organization\",\"name\":\"SCCL Site\",\"url\":\"https:\\\/\\\/sccl.com\\\/\",\"logo\":{\"@type\":\"ImageObject\",\"inLanguage\":\"pl-PL\",\"@id\":\"https:\\\/\\\/sccl.com\\\/#\\\/schema\\\/logo\\\/image\\\/\",\"url\":\"https:\\\/\\\/sccl.com\\\/wp-content\\\/uploads\\\/2023\\\/05\\\/logo.png\",\"contentUrl\":\"https:\\\/\\\/sccl.com\\\/wp-content\\\/uploads\\\/2023\\\/05\\\/logo.png\",\"width\":100,\"height\":100,\"caption\":\"SCCL Site\"},\"image\":{\"@id\":\"https:\\\/\\\/sccl.com\\\/#\\\/schema\\\/logo\\\/image\\\/\"}}]}<\/script>\n<!-- \/ Yoast SEO plugin. -->","yoast_head_json":{"title":"Ankieta zwrotna - Webinarium na temat zarz\u0105dzania ciel\u0119tami i siar\u0105 - Strona SCCL","robots":{"index":"index","follow":"follow","max-snippet":"max-snippet:-1","max-image-preview":"max-image-preview:large","max-video-preview":"max-video-preview:-1"},"canonical":"https:\/\/sccl.com\/pl\/feedback-survey-calf-and-colostrum-management-webinar\/","og_locale":"pl_PL","og_type":"article","og_title":"Feedback Survey - Calf and Colostrum Management Webinar - SCCL Site","og_description":"Calf and Colostrum Management Webinar Thank you for attending the SCCL Webinar! We are always looking to improve and would love your feedback! Please take a couple minutes to let us know your thoughts on how we did and how we can improve. Go back to Continuing Education Courses","og_url":"https:\/\/sccl.com\/pl\/feedback-survey-calf-and-colostrum-management-webinar\/","og_site_name":"SCCL Site","article_modified_time":"2024-06-04T11:35:10+00:00","twitter_card":"summary_large_image","twitter_misc":{"Szacowany czas czytania":"1 minuta"},"schema":{"@context":"https:\/\/schema.org","@graph":[{"@type":"WebPage","@id":"https:\/\/sccl.com\/feedback-survey-calf-and-colostrum-management-webinar\/","url":"https:\/\/sccl.com\/feedback-survey-calf-and-colostrum-management-webinar\/","name":"Ankieta zwrotna - Webinarium na temat zarz\u0105dzania ciel\u0119tami i siar\u0105 - Strona SCCL","isPartOf":{"@id":"https:\/\/sccl.com\/#website"},"datePublished":"2024-05-24T17:48:09+00:00","dateModified":"2024-06-04T11:35:10+00:00","breadcrumb":{"@id":"https:\/\/sccl.com\/feedback-survey-calf-and-colostrum-management-webinar\/#breadcrumb"},"inLanguage":"pl-PL","potentialAction":[{"@type":"ReadAction","target":["https:\/\/sccl.com\/feedback-survey-calf-and-colostrum-management-webinar\/"]}]},{"@type":"BreadcrumbList","@id":"https:\/\/sccl.com\/feedback-survey-calf-and-colostrum-management-webinar\/#breadcrumb","itemListElement":[{"@type":"ListItem","position":1,"name":"Home","item":"https:\/\/sccl.com\/"},{"@type":"ListItem","position":2,"name":"Feedback Survey &#8211; Calf and Colostrum Management Webinar"}]},{"@type":"WebSite","@id":"https:\/\/sccl.com\/#website","url":"https:\/\/sccl.com\/","name":"Strona SCCL","description":"","publisher":{"@id":"https:\/\/sccl.com\/#organization"},"potentialAction":[{"@type":"SearchAction","target":{"@type":"EntryPoint","urlTemplate":"https:\/\/sccl.com\/?s={search_term_string}"},"query-input":{"@type":"PropertyValueSpecification","valueRequired":true,"valueName":"search_term_string"}}],"inLanguage":"pl-PL"},{"@type":"Organization","@id":"https:\/\/sccl.com\/#organization","name":"Strona SCCL","url":"https:\/\/sccl.com\/","logo":{"@type":"ImageObject","inLanguage":"pl-PL","@id":"https:\/\/sccl.com\/#\/schema\/logo\/image\/","url":"https:\/\/sccl.com\/wp-content\/uploads\/2023\/05\/logo.png","contentUrl":"https:\/\/sccl.com\/wp-content\/uploads\/2023\/05\/logo.png","width":100,"height":100,"caption":"SCCL Site"},"image":{"@id":"https:\/\/sccl.com\/#\/schema\/logo\/image\/"}}]}},"_links":{"self":[{"href":"https:\/\/sccl.com\/pl\/wp-json\/wp\/v2\/pages\/1604","targetHints":{"allow":["GET"]}}],"collection":[{"href":"https:\/\/sccl.com\/pl\/wp-json\/wp\/v2\/pages"}],"about":[{"href":"https:\/\/sccl.com\/pl\/wp-json\/wp\/v2\/types\/page"}],"author":[{"embeddable":true,"href":"https:\/\/sccl.com\/pl\/wp-json\/wp\/v2\/users\/4"}],"replies":[{"embeddable":true,"href":"https:\/\/sccl.com\/pl\/wp-json\/wp\/v2\/comments?post=1604"}],"version-history":[{"count":0,"href":"https:\/\/sccl.com\/pl\/wp-json\/wp\/v2\/pages\/1604\/revisions"}],"wp:attachment":[{"href":"https:\/\/sccl.com\/pl\/wp-json\/wp\/v2\/media?parent=1604"}],"curies":[{"name":"wp","href":"https:\/\/api.w.org\/{rel}","templated":true}]}}