{"id":371,"date":"2023-12-07T12:53:29","date_gmt":"2023-12-07T12:53:29","guid":{"rendered":"https:\/\/sccl.com\/?page_id=371"},"modified":"2024-01-03T17:18:04","modified_gmt":"2024-01-03T17:18:04","slug":"terms-of-service","status":"publish","type":"page","link":"https:\/\/sccl.com\/pl\/terms-of-service\/","title":{"rendered":"Warunki \u015bwiadczenia us\u0142ug"},"content":{"rendered":"<div data-elementor-type=\"wp-page\" data-elementor-id=\"371\" class=\"elementor elementor-371\" data-elementor-post-type=\"page\">\n\t\t\t\t<div class=\"elementor-element elementor-element-3b51429 e-flex e-con-boxed e-con e-parent\" data-id=\"3b51429\" data-element_type=\"container\" data-e-type=\"container\" data-settings=\"{&quot;jet_parallax_layout_list&quot;:[]}\">\n\t\t\t\t\t<div class=\"e-con-inner\">\n\t\t\t\t<div class=\"elementor-element elementor-element-998854f elementor-widget elementor-widget-heading\" data-id=\"998854f\" data-element_type=\"widget\" data-e-type=\"widget\" data-widget_type=\"heading.default\">\n\t\t\t\t<div class=\"elementor-widget-container\">\n\t\t\t\t\t<h2 class=\"elementor-heading-title elementor-size-default\">Warunki \u015bwiadczenia us\u0142ug<\/h2>\t\t\t\t<\/div>\n\t\t\t\t<\/div>\n\t\t\t\t\t<\/div>\n\t\t\t\t<\/div>\n\t\t<div class=\"elementor-element elementor-element-4c708e6 e-flex e-con-boxed e-con e-parent\" data-id=\"4c708e6\" data-element_type=\"container\" data-e-type=\"container\" data-settings=\"{&quot;jet_parallax_layout_list&quot;:[]}\">\n\t\t\t\t\t<div class=\"e-con-inner\">\n\t\t\t\t<div class=\"elementor-element elementor-element-226f686 elementor-widget elementor-widget-text-editor\" data-id=\"226f686\" data-element_type=\"widget\" data-e-type=\"widget\" data-widget_type=\"text-editor.default\">\n\t\t\t\t<div class=\"elementor-widget-container\">\n\t\t\t\t\t\t\t\t\t<p>(1) Wprowadzenie - Niniejsze wy\u0142\u0105czenie odpowiedzialno\u015bci reguluje korzystanie z naszej strony internetowej; korzystaj\u0105c z naszej strony internetowej, u\u017cytkownik akceptuje niniejsze wy\u0142\u0105czenie odpowiedzialno\u015bci w ca\u0142o\u015bci. Je\u015bli nie zgadzasz si\u0119 z jak\u0105kolwiek cz\u0119\u015bci\u0105 niniejszego wy\u0142\u0105czenia odpowiedzialno\u015bci, nie korzystaj z naszej witryny.<\/p><p>(2) Prawa w\u0142asno\u015bci intelektualnej - O ile nie okre\u015blono inaczej, my lub nasi licencjodawcy posiadamy prawa w\u0142asno\u015bci intelektualnej do strony internetowej i materia\u0142\u00f3w na niej zawartych. Z zastrze\u017ceniem poni\u017cszej licencji, wszystkie nasze prawa w\u0142asno\u015bci intelektualnej s\u0105 zastrze\u017cone.<\/p><p>(3) Licencja na korzystanie z Witryny - U\u017cytkownik mo\u017ce przegl\u0105da\u0107, pobiera\u0107 wy\u0142\u0105cznie w celu buforowania i drukowa\u0107 strony z Witryny, pod warunkiem, \u017ce<\/p><p>(a) Zabrania si\u0119 ponownego publikowania materia\u0142\u00f3w z tej witryny (w tym ponownego publikowania na innej stronie internetowej), powielania lub przechowywania materia\u0142\u00f3w z tej witryny w jakimkolwiek publicznym lub prywatnym elektronicznym systemie wyszukiwania. (Zach\u0119camy jednak do dozwolonego u\u017cytku w celach akademickich \/ niekomercyjnych);<\/p><p>(b) U\u017cytkownikowi nie wolno powiela\u0107, kopiowa\u0107, sprzedawa\u0107, odsprzedawa\u0107, odwiedza\u0107 lub w inny spos\u00f3b wykorzystywa\u0107 naszej witryny lub materia\u0142\u00f3w na naszej witrynie w celach komercyjnych bez naszej wyra\u017anej pisemnej zgody;<\/p><p>(4) Ograniczenia odpowiedzialno\u015bci - Informacje na tej stronie internetowej s\u0105 udost\u0119pniane bezp\u0142atnie, a u\u017cytkownik przyjmuje do wiadomo\u015bci, \u017ce nieuzasadnione by\u0142oby poci\u0105gni\u0119cie nas do odpowiedzialno\u015bci w odniesieniu do tej strony internetowej i informacji na niej zawartych.<\/p><p>Chocia\u017c dok\u0142adamy wszelkich stara\u0144, aby informacje na tej stronie by\u0142y poprawne, nie gwarantujemy ich kompletno\u015bci ani dok\u0142adno\u015bci; nie zobowi\u0105zujemy si\u0119 r\u00f3wnie\u017c do zapewnienia, \u017ce strona b\u0119dzie nadal dost\u0119pna lub \u017ce materia\u0142y na tej stronie b\u0119d\u0105 aktualizowane.<\/p><p>W maksymalnym zakresie dozwolonym przez obowi\u0105zuj\u0105ce prawo wy\u0142\u0105czamy wszelkie o\u015bwiadczenia, gwarancje i warunki (w tym, bez ogranicze\u0144, warunki dorozumiane przez prawo dotycz\u0105ce zadowalaj\u0105cej jako\u015bci, przydatno\u015bci do okre\u015blonego celu oraz zachowania nale\u017cytej staranno\u015bci i umiej\u0119tno\u015bci).<\/p><p>Nasza odpowiedzialno\u015b\u0107 jest ograniczona i wy\u0142\u0105czona w maksymalnym zakresie dozwolonym przez obowi\u0105zuj\u0105ce prawo. Nie ponosimy odpowiedzialno\u015bci za jakiekolwiek bezpo\u015brednie, po\u015brednie lub wynikowe straty lub szkody wynikaj\u0105ce z niniejszego wy\u0142\u0105czenia odpowiedzialno\u015bci lub w zwi\u0105zku z nasz\u0105 stron\u0105 internetow\u0105, niezale\u017cnie od tego, czy wynikaj\u0105 one z czynu niedozwolonego, umowy lub w inny spos\u00f3b - w tym mi\u0119dzy innymi za utrat\u0119 zysk\u00f3w, um\u00f3w, dzia\u0142alno\u015bci gospodarczej, warto\u015bci firmy, danych, dochod\u00f3w, przychod\u00f3w lub przewidywanych oszcz\u0119dno\u015bci.<\/p><p>Jednak\u017ce \u017cadne z postanowie\u0144 niniejszego wy\u0142\u0105czenia odpowiedzialno\u015bci nie wy\u0142\u0105cza ani nie ogranicza naszej odpowiedzialno\u015bci za oszustwo, za \u015bmier\u0107 lub obra\u017cenia cia\u0142a spowodowane naszym zaniedbaniem lub za jak\u0105kolwiek inn\u0105 odpowiedzialno\u015b\u0107, kt\u00f3rej nie mo\u017cna wy\u0142\u0105czy\u0107 lub ograniczy\u0107 zgodnie z obowi\u0105zuj\u0105cym prawem.<\/p><p>(5) Wpisy na forum \/ komentarze - U\u017cytkownik nie mo\u017ce korzysta\u0107 z naszej witryny internetowej w spos\u00f3b, kt\u00f3ry powoduje lub mo\u017ce powodowa\u0107 uszkodzenie witryny internetowej lub pogorszenie jej dost\u0119pno\u015bci.<\/p><p>U\u017cytkownikowi nie wolno korzysta\u0107 z naszej witryny w spos\u00f3b niezgodny z prawem, nielegalny, oszuka\u0144czy lub szkodliwy, ani w zwi\u0105zku z jakimkolwiek niezgodnym z prawem, nielegalnym, oszuka\u0144czym lub szkodliwym celem lub dzia\u0142aniem.<\/p><p>U\u017cytkownik nie mo\u017ce korzysta\u0107 z naszej strony internetowej w \u017cadnych celach zwi\u0105zanych z marketingiem bez naszej wyra\u017anej pisemnej zgody.<\/p><p>Zabrania si\u0119 korzystania z naszej witryny w celu kopiowania, publikowania lub wysy\u0142ania masowych wiadomo\u015bci lub spamu.<\/p><p>U\u017cytkownikowi nie wolno korzysta\u0107 z naszej witryny internetowej w celu kopiowania, publikowania lub wysy\u0142ania materia\u0142\u00f3w, kt\u00f3re s\u0105 nielegalne lub niezgodne z prawem, lub materia\u0142\u00f3w, kt\u00f3re mog\u0142yby stanowi\u0107 podstaw\u0119 do podj\u0119cia dzia\u0142a\u0144 prawnych na mocy prawa angielskiego i innych obowi\u0105zuj\u0105cych przepis\u00f3w. Wszelkie materia\u0142y kopiowane, publikowane lub wysy\u0142ane za po\u015brednictwem naszej strony internetowej nie mog\u0105 by\u0107 znies\u0142awiaj\u0105ce, obsceniczne, nieprzyzwoite, nienawistne, dyskryminuj\u0105ce lub pod\u017cegaj\u0105ce; takie materia\u0142y nie mog\u0105 narusza\u0107 praw w\u0142asno\u015bci intelektualnej lub praw do poufno\u015bci jakiejkolwiek osoby, narusza\u0107 prywatno\u015bci jakiejkolwiek osoby ani stanowi\u0107 pod\u017cegania do pope\u0142nienia przest\u0119pstwa; ponadto materia\u0142y nie mog\u0105 wprowadza\u0107 w b\u0142\u0105d, wprowadza\u0107 w b\u0142\u0105d, by\u0107 pornograficzne, grozi\u0107, obra\u017aliwe, n\u0119kaj\u0105ce lub gro\u017ane.<\/p><p>Zastrzegamy sobie prawo do edytowania lub usuwania wszelkich materia\u0142\u00f3w opublikowanych na naszej stronie internetowej.<\/p><p>Mo\u017cemy podj\u0105\u0107 takie dzia\u0142ania, jakie uznamy za stosowne, aby poradzi\u0107 sobie z publikowaniem nieodpowiednich materia\u0142\u00f3w, w tym zawiesi\u0107 lub anulowa\u0107 konto u\u017cytkownika, ograniczy\u0107 jego dost\u0119p do naszej witryny internetowej lub wszcz\u0105\u0107 post\u0119powanie s\u0105dowe przeciwko u\u017cytkownikowi.<\/p><p>W odniesieniu do wszystkich materia\u0142\u00f3w zamieszczanych przez u\u017cytkownika na naszej stronie internetowej, u\u017cytkownik udziela nam og\u00f3lno\u015bwiatowej, nieodwo\u0142alnej, niewy\u0142\u0105cznej, nieodp\u0142atnej licencji na wykorzystywanie, powielanie, dostosowywanie, publikowanie, t\u0142umaczenie i rozpowszechnianie takich materia\u0142\u00f3w w dowolnych mediach, wraz z prawem do udzielania sublicencji na takie prawa.<\/p><p>(6) Strony internetowe os\u00f3b trzecich<\/p><p>Witryna zawiera \u0142\u0105cza do innych witryn internetowych. Nie ponosimy odpowiedzialno\u015bci za tre\u015b\u0107 stron internetowych os\u00f3b trzecich.<\/p><p>(7) Zmiany - Od czasu do czasu mo\u017cemy zmienia\u0107 niniejsze wy\u0142\u0105czenie odpowiedzialno\u015bci. Prosimy o regularne sprawdzanie tej strony w celu zapoznania si\u0119 z aktualn\u0105 wersj\u0105.<\/p><p>(8) Ca\u0142o\u015b\u0107 umowy - Niniejsze wy\u0142\u0105czenie odpowiedzialno\u015bci stanowi ca\u0142o\u015b\u0107 umowy mi\u0119dzy u\u017cytkownikiem a nami w zwi\u0105zku z korzystaniem przez niego z naszej witryny internetowej i zast\u0119puje wszystkie wcze\u015bniejsze umowy dotycz\u0105ce korzystania z tej witryny.<\/p><p>(9) Prawo i jurysdykcja - Niniejsze powiadomienie podlega i b\u0119dzie interpretowane zgodnie z prawem kanadyjskim, a wszelkie spory zwi\u0105zane z niniejszym powiadomieniem podlegaj\u0105 wy\u0142\u0105cznej jurysdykcji s\u0105d\u00f3w kanadyjskich.<\/p><p>(10) Nasze dane kontaktowe - U\u017cytkownik mo\u017ce skontaktowa\u0107 si\u0119 z nami za po\u015brednictwem poczty elektronicznej pod adresem\u00a0<a href=\"mailto:support@devsccl.wpengine.com\">support@sccl.com<\/a><\/p>\t\t\t\t\t\t\t\t<\/div>\n\t\t\t\t<\/div>\n\t\t\t\t\t<\/div>\n\t\t\t\t<\/div>\n\t\t\t\t<\/div>","protected":false},"excerpt":{"rendered":"<p>Terms of Service (1) Introduction \u2013 This disclaimer governs your use of our website; by using our website, you accept this disclaimer in full. If you disagree with any part of this disclaimer, do not use our website. (2) Intellectual Property Rights \u2013 Unless otherwise stated, we or our licensors own the intellectual property rights [&hellip;]<\/p>\n","protected":false},"author":4,"featured_media":0,"parent":0,"menu_order":0,"comment_status":"closed","ping_status":"closed","template":"","meta":{"_acf_changed":false,"content-type":"","_monsterinsights_skip_tracking":false,"_monsterinsights_sitenote_active":false,"_monsterinsights_sitenote_note":"","_monsterinsights_sitenote_category":0,"footnotes":""},"class_list":["post-371","page","type-page","status-publish","hentry"],"acf":[],"yoast_head":"<!-- This site is optimized with the Yoast SEO plugin v27.3 - https:\/\/yoast.com\/product\/yoast-seo-wordpress\/ -->\n<title>Terms of Service - SCCL Site<\/title>\n<meta name=\"robots\" content=\"index, follow, max-snippet:-1, max-image-preview:large, max-video-preview:-1\" \/>\n<link rel=\"canonical\" href=\"https:\/\/sccl.com\/pl\/terms-of-service\/\" \/>\n<meta property=\"og:locale\" content=\"pl_PL\" \/>\n<meta property=\"og:type\" content=\"article\" \/>\n<meta property=\"og:title\" content=\"Terms of Service - SCCL Site\" \/>\n<meta property=\"og:description\" content=\"Terms of Service (1) Introduction \u2013 This disclaimer governs your use of our website; by using our website, you accept this disclaimer in full. If you disagree with any part of this disclaimer, do not use our website. (2) Intellectual Property Rights \u2013 Unless otherwise stated, we or our licensors own the intellectual property rights [&hellip;]\" \/>\n<meta property=\"og:url\" content=\"https:\/\/sccl.com\/pl\/terms-of-service\/\" \/>\n<meta property=\"og:site_name\" content=\"SCCL Site\" \/>\n<meta property=\"article:modified_time\" content=\"2024-01-03T17:18:04+00:00\" \/>\n<meta name=\"twitter:card\" content=\"summary_large_image\" \/>\n<meta name=\"twitter:label1\" content=\"Szacowany czas czytania\" \/>\n\t<meta name=\"twitter:data1\" content=\"4 minuty\" \/>\n<script type=\"application\/ld+json\" class=\"yoast-schema-graph\">{\"@context\":\"https:\\\/\\\/schema.org\",\"@graph\":[{\"@type\":\"WebPage\",\"@id\":\"https:\\\/\\\/sccl.com\\\/terms-of-service\\\/\",\"url\":\"https:\\\/\\\/sccl.com\\\/terms-of-service\\\/\",\"name\":\"Terms of Service - SCCL Site\",\"isPartOf\":{\"@id\":\"https:\\\/\\\/sccl.com\\\/#website\"},\"datePublished\":\"2023-12-07T12:53:29+00:00\",\"dateModified\":\"2024-01-03T17:18:04+00:00\",\"breadcrumb\":{\"@id\":\"https:\\\/\\\/sccl.com\\\/terms-of-service\\\/#breadcrumb\"},\"inLanguage\":\"pl-PL\",\"potentialAction\":[{\"@type\":\"ReadAction\",\"target\":[\"https:\\\/\\\/sccl.com\\\/terms-of-service\\\/\"]}]},{\"@type\":\"BreadcrumbList\",\"@id\":\"https:\\\/\\\/sccl.com\\\/terms-of-service\\\/#breadcrumb\",\"itemListElement\":[{\"@type\":\"ListItem\",\"position\":1,\"name\":\"Home\",\"item\":\"https:\\\/\\\/sccl.com\\\/\"},{\"@type\":\"ListItem\",\"position\":2,\"name\":\"Terms of Service\"}]},{\"@type\":\"WebSite\",\"@id\":\"https:\\\/\\\/sccl.com\\\/#website\",\"url\":\"https:\\\/\\\/sccl.com\\\/\",\"name\":\"SCCL Site\",\"description\":\"\",\"publisher\":{\"@id\":\"https:\\\/\\\/sccl.com\\\/#organization\"},\"potentialAction\":[{\"@type\":\"SearchAction\",\"target\":{\"@type\":\"EntryPoint\",\"urlTemplate\":\"https:\\\/\\\/sccl.com\\\/?s={search_term_string}\"},\"query-input\":{\"@type\":\"PropertyValueSpecification\",\"valueRequired\":true,\"valueName\":\"search_term_string\"}}],\"inLanguage\":\"pl-PL\"},{\"@type\":\"Organization\",\"@id\":\"https:\\\/\\\/sccl.com\\\/#organization\",\"name\":\"SCCL Site\",\"url\":\"https:\\\/\\\/sccl.com\\\/\",\"logo\":{\"@type\":\"ImageObject\",\"inLanguage\":\"pl-PL\",\"@id\":\"https:\\\/\\\/sccl.com\\\/#\\\/schema\\\/logo\\\/image\\\/\",\"url\":\"https:\\\/\\\/sccl.com\\\/wp-content\\\/uploads\\\/2023\\\/05\\\/logo.png\",\"contentUrl\":\"https:\\\/\\\/sccl.com\\\/wp-content\\\/uploads\\\/2023\\\/05\\\/logo.png\",\"width\":100,\"height\":100,\"caption\":\"SCCL Site\"},\"image\":{\"@id\":\"https:\\\/\\\/sccl.com\\\/#\\\/schema\\\/logo\\\/image\\\/\"}}]}<\/script>\n<!-- \/ Yoast SEO plugin. -->","yoast_head_json":{"title":"Warunki \u015bwiadczenia us\u0142ug - Strona SCCL","robots":{"index":"index","follow":"follow","max-snippet":"max-snippet:-1","max-image-preview":"max-image-preview:large","max-video-preview":"max-video-preview:-1"},"canonical":"https:\/\/sccl.com\/pl\/terms-of-service\/","og_locale":"pl_PL","og_type":"article","og_title":"Terms of Service - SCCL Site","og_description":"Terms of Service (1) Introduction \u2013 This disclaimer governs your use of our website; by using our website, you accept this disclaimer in full. If you disagree with any part of this disclaimer, do not use our website. (2) Intellectual Property Rights \u2013 Unless otherwise stated, we or our licensors own the intellectual property rights [&hellip;]","og_url":"https:\/\/sccl.com\/pl\/terms-of-service\/","og_site_name":"SCCL Site","article_modified_time":"2024-01-03T17:18:04+00:00","twitter_card":"summary_large_image","twitter_misc":{"Szacowany czas czytania":"4 minuty"},"schema":{"@context":"https:\/\/schema.org","@graph":[{"@type":"WebPage","@id":"https:\/\/sccl.com\/terms-of-service\/","url":"https:\/\/sccl.com\/terms-of-service\/","name":"Warunki \u015bwiadczenia us\u0142ug - Strona SCCL","isPartOf":{"@id":"https:\/\/sccl.com\/#website"},"datePublished":"2023-12-07T12:53:29+00:00","dateModified":"2024-01-03T17:18:04+00:00","breadcrumb":{"@id":"https:\/\/sccl.com\/terms-of-service\/#breadcrumb"},"inLanguage":"pl-PL","potentialAction":[{"@type":"ReadAction","target":["https:\/\/sccl.com\/terms-of-service\/"]}]},{"@type":"BreadcrumbList","@id":"https:\/\/sccl.com\/terms-of-service\/#breadcrumb","itemListElement":[{"@type":"ListItem","position":1,"name":"Home","item":"https:\/\/sccl.com\/"},{"@type":"ListItem","position":2,"name":"Terms of Service"}]},{"@type":"WebSite","@id":"https:\/\/sccl.com\/#website","url":"https:\/\/sccl.com\/","name":"Strona SCCL","description":"","publisher":{"@id":"https:\/\/sccl.com\/#organization"},"potentialAction":[{"@type":"SearchAction","target":{"@type":"EntryPoint","urlTemplate":"https:\/\/sccl.com\/?s={search_term_string}"},"query-input":{"@type":"PropertyValueSpecification","valueRequired":true,"valueName":"search_term_string"}}],"inLanguage":"pl-PL"},{"@type":"Organization","@id":"https:\/\/sccl.com\/#organization","name":"Strona SCCL","url":"https:\/\/sccl.com\/","logo":{"@type":"ImageObject","inLanguage":"pl-PL","@id":"https:\/\/sccl.com\/#\/schema\/logo\/image\/","url":"https:\/\/sccl.com\/wp-content\/uploads\/2023\/05\/logo.png","contentUrl":"https:\/\/sccl.com\/wp-content\/uploads\/2023\/05\/logo.png","width":100,"height":100,"caption":"SCCL Site"},"image":{"@id":"https:\/\/sccl.com\/#\/schema\/logo\/image\/"}}]}},"_links":{"self":[{"href":"https:\/\/sccl.com\/pl\/wp-json\/wp\/v2\/pages\/371","targetHints":{"allow":["GET"]}}],"collection":[{"href":"https:\/\/sccl.com\/pl\/wp-json\/wp\/v2\/pages"}],"about":[{"href":"https:\/\/sccl.com\/pl\/wp-json\/wp\/v2\/types\/page"}],"author":[{"embeddable":true,"href":"https:\/\/sccl.com\/pl\/wp-json\/wp\/v2\/users\/4"}],"replies":[{"embeddable":true,"href":"https:\/\/sccl.com\/pl\/wp-json\/wp\/v2\/comments?post=371"}],"version-history":[{"count":0,"href":"https:\/\/sccl.com\/pl\/wp-json\/wp\/v2\/pages\/371\/revisions"}],"wp:attachment":[{"href":"https:\/\/sccl.com\/pl\/wp-json\/wp\/v2\/media?parent=371"}],"curies":[{"name":"wp","href":"https:\/\/api.w.org\/{rel}","templated":true}]}}