{"id":376,"date":"2023-12-08T11:34:17","date_gmt":"2023-12-08T11:34:17","guid":{"rendered":"https:\/\/sccl.com\/?page_id=376"},"modified":"2024-01-15T12:44:57","modified_gmt":"2024-01-15T12:44:57","slug":"disclaimer","status":"publish","type":"page","link":"https:\/\/sccl.com\/pl\/disclaimer\/","title":{"rendered":"Zastrze\u017cenie"},"content":{"rendered":"<div data-elementor-type=\"wp-page\" data-elementor-id=\"376\" class=\"elementor elementor-376\" data-elementor-post-type=\"page\">\n\t\t\t\t<div class=\"elementor-element elementor-element-3b51429 e-flex e-con-boxed e-con e-parent\" data-id=\"3b51429\" data-element_type=\"container\" data-e-type=\"container\" data-settings=\"{&quot;jet_parallax_layout_list&quot;:[]}\">\n\t\t\t\t\t<div class=\"e-con-inner\">\n\t\t\t\t<div class=\"elementor-element elementor-element-b2b6afa elementor-widget elementor-widget-heading\" data-id=\"b2b6afa\" data-element_type=\"widget\" data-e-type=\"widget\" data-widget_type=\"heading.default\">\n\t\t\t\t<div class=\"elementor-widget-container\">\n\t\t\t\t\t<h2 class=\"elementor-heading-title elementor-size-default\">Zastrze\u017cenie SCCL dotycz\u0105ce kurs\u00f3w kszta\u0142cenia ustawicznego i powi\u0105zanych tre\u015bci<\/h2>\t\t\t\t<\/div>\n\t\t\t\t<\/div>\n\t\t\t\t<div data-dce-text-color=\"#797979\" class=\"elementor-element elementor-element-87eb105 elementor-widget elementor-widget-text-editor\" data-id=\"87eb105\" data-element_type=\"widget\" data-e-type=\"widget\" data-widget_type=\"text-editor.default\">\n\t\t\t\t<div class=\"elementor-widget-container\">\n\t\t\t\t\t\t\t\t\t<p>Kursy kszta\u0142cenia ustawicznego Saskatoon Colostrum Company Ltd. (\"SCCL\") (\"Kursy\") oraz wszelkie powi\u0105zane materia\u0142y informacyjne i tre\u015bci, w tym mi\u0119dzy innymi biuletyn elektroniczny SCCL i strony wy\u015bwietlaj\u0105ce (\"Powi\u0105zane tre\u015bci\"), kt\u00f3re pojawiaj\u0105 si\u0119 na stronie www.sccl.com lub dowolnej z jej subdomen lub s\u0105 w inny spos\u00f3b udost\u0119pniane u\u017cytkownikom, s\u0105 dostarczane na zasadzie \"TAK JAK JEST\" i s\u0105 przeznaczone wy\u0142\u0105cznie do og\u00f3lnego zrozumienia i edukacji konsument\u00f3w. Jakikolwiek dost\u0119p do Kurs\u00f3w lub Tre\u015bci Powi\u0105zanych jest dobrowolny i na wy\u0142\u0105czne ryzyko u\u017cytkownika. SCCL nie sk\u0142ada \u017cadnych o\u015bwiadcze\u0144 ani gwarancji jakiegokolwiek rodzaju, wyra\u017anych lub dorozumianych, dotycz\u0105cych kompletno\u015bci, dok\u0142adno\u015bci, niezawodno\u015bci, przydatno\u015bci lub dost\u0119pno\u015bci w odniesieniu do Kurs\u00f3w lub Tre\u015bci powi\u0105zanych. Je\u015bli u\u017cytkownik jest niezadowolony z Kurs\u00f3w lub Tre\u015bci powi\u0105zanych, jedynym i wy\u0142\u0105cznym \u015brodkiem zaradczym u\u017cytkownika jest zaprzestanie korzystania z Kurs\u00f3w i witryny.\u00a0<\/p><p>\u017badne informacje zawarte w Kursach lub Powi\u0105zanych Tre\u015bciach nie powinny by\u0107 traktowane ani wykorzystywane jako substytut weterynaryjnej porady medycznej, diagnozy lub leczenia. Informacje zawarte na stronie internetowej s\u0142u\u017c\u0105 wy\u0142\u0105cznie celom edukacyjnym i informacyjnym i nie zast\u0119puj\u0105 profesjonalnej porady lekarza weterynarii lub innego specjalisty. Kursy i powi\u0105zane tre\u015bci maj\u0105 na celu edukowanie konsument\u00f3w w zakresie og\u00f3lnych korzy\u015bci p\u0142yn\u0105cych ze stosowania siary, kt\u00f3re mog\u0105 mie\u0107 wp\u0142yw na codzienne \u017cycie ich zwierz\u0105t. Ta strona i jej kursy nie stanowi\u0105 praktyki weterynaryjnej ani innej profesjonalnej porady weterynaryjnej, diagnozy lub leczenia. SCCL zrzeka si\u0119 odpowiedzialno\u015bci za jakiekolwiek szkody lub straty, bezpo\u015brednie lub po\u015brednie, kt\u00f3re mog\u0105 wynika\u0107 z wykorzystania lub polegania na informacjach zawartych w Kursach lub Powi\u0105zanych Tre\u015bciach.\u00a0<\/p><p>Chocia\u017c dost\u0119p do Kurs\u00f3w i powi\u0105zanych tre\u015bci jest otwarty dla u\u017cytkownik\u00f3w na ca\u0142ym \u015bwiecie, SCCL jest zorganizowany zgodnie z prawem Kanady. W zwi\u0105zku z tym warunki niniejszego zrzeczenia si\u0119 odpowiedzialno\u015bci podlegaj\u0105 prawu Saskatchewan w Kanadzie w zakresie interpretacji, wa\u017cno\u015bci i skutk\u00f3w niniejszego zrzeczenia si\u0119 odpowiedzialno\u015bci, bez wzgl\u0119du na jakiekolwiek przepisy kolizyjne obowi\u0105zuj\u0105ce w miejscu zamieszkania, zamieszkania lub fizycznej lokalizacji u\u017cytkownika. U\u017cytkownik wyra\u017ca zgod\u0119 na poddanie si\u0119 jurysdykcji Saskatchewan.\u00a0<\/p><p>SCCL doradza konsumentom, aby zawsze zasi\u0119gali porady weterynarza, specjalisty weterynaryjnego lub innego wykwalifikowanego weterynaryjnego dostawcy opieki zdrowotnej w przypadku jakichkolwiek pyta\u0144 dotycz\u0105cych zdrowia lub warunk\u00f3w medycznych zwierz\u0119cia. Nigdy nie nale\u017cy lekcewa\u017cy\u0107, unika\u0107 lub op\u00f3\u017ania\u0107 uzyskania porady medycznej od lekarza weterynarii lub innego wykwalifikowanego weterynaryjnego dostawcy opieki zdrowotnej z powodu czego\u015b, co przeczyta\u0142e\u015b na tej stronie.<\/p>\t\t\t\t\t\t\t\t<\/div>\n\t\t\t\t<\/div>\n\t\t\t\t\t<\/div>\n\t\t\t\t<\/div>\n\t\t<div class=\"elementor-element elementor-element-6b69f6e e-flex e-con-boxed e-con e-child\" data-id=\"6b69f6e\" data-element_type=\"container\" data-e-type=\"container\" data-settings=\"{&quot;jet_parallax_layout_list&quot;:[]}\">\n\t\t\t\t\t<div class=\"e-con-inner\">\n\t\t\t\t<div class=\"elementor-element elementor-element-264b631 elementor-align-left elementor-widget elementor-widget-button\" data-id=\"264b631\" data-element_type=\"widget\" data-e-type=\"widget\" data-widget_type=\"button.default\">\n\t\t\t\t<div class=\"elementor-widget-container\">\n\t\t\t\t\t\t\t\t\t<div class=\"elementor-button-wrapper\">\n\t\t\t\t\t<a class=\"elementor-button elementor-button-link elementor-size-lg\" href=\"https:\/\/sccl.com\/pl\/\">\n\t\t\t\t\t\t<span class=\"elementor-button-content-wrapper\">\n\t\t\t\t\t\t<span class=\"elementor-button-icon\">\n\t\t\t\t<svg xmlns=\"http:\/\/www.w3.org\/2000\/svg\" id=\"Layer_1\" viewbox=\"0 0 31 31\"><defs><style>.cls-1,.cls-2{fill:none;stroke:#181f24;stroke-linecap:round;stroke-linejoin:round;}.cls-2{stroke-width:2px;}<\/style><\/defs><g id=\"Icon_feather-arrow-right-circle\"><path id=\"Path_4159\" class=\"cls-1\" d=\"m.5,15.5c0,8.28,6.72,15,15,15s15-6.72,15-15S23.78.5,15.5.5.5,7.22.5,15.5Z\"><\/path><path id=\"Path_4160\" class=\"cls-2\" d=\"m15.5,20.15l-4.65-4.65,4.65-4.65\"><\/path><path id=\"Path_4161\" class=\"cls-2\" d=\"m20.14,15.5h-9.29\"><\/path><\/g><\/svg>\t\t\t<\/span>\n\t\t\t\t\t\t\t\t\t<span class=\"elementor-button-text\">Wr\u00f3\u0107 do strony g\u0142\u00f3wnej<\/span>\n\t\t\t\t\t<\/span>\n\t\t\t\t\t<\/a>\n\t\t\t\t<\/div>\n\t\t\t\t\t\t\t\t<\/div>\n\t\t\t\t<\/div>\n\t\t\t\t\t<\/div>\n\t\t\t\t<\/div>\n\t\t\t\t<\/div>","protected":false},"excerpt":{"rendered":"<p>SCCL Disclaimer for Continuing Education Courses &#038; Related Content The Saskatoon Colostrum Company Ltd.\u2019s (\u201cSCCL\u201d) Continuing Education Courses (the \u201cCourses\u201d), and all related informational material and content including, without limitation, SCCL\u2019s e-newsletter and display pages (\u201cRelated Content\u201d) which appear on www.sccl.com or any of its subdomains or are otherwise provided to users, are provided on [&hellip;]<\/p>\n","protected":false},"author":4,"featured_media":0,"parent":0,"menu_order":0,"comment_status":"closed","ping_status":"closed","template":"","meta":{"_acf_changed":false,"content-type":"","_monsterinsights_skip_tracking":false,"_monsterinsights_sitenote_active":false,"_monsterinsights_sitenote_note":"","_monsterinsights_sitenote_category":0,"footnotes":""},"class_list":["post-376","page","type-page","status-publish","hentry"],"acf":[],"yoast_head":"<!-- This site is optimized with the Yoast SEO plugin v27.3 - https:\/\/yoast.com\/product\/yoast-seo-wordpress\/ -->\n<title>Disclaimer - SCCL Site<\/title>\n<meta name=\"robots\" content=\"index, follow, max-snippet:-1, max-image-preview:large, max-video-preview:-1\" \/>\n<link rel=\"canonical\" href=\"https:\/\/sccl.com\/pl\/disclaimer\/\" \/>\n<meta property=\"og:locale\" content=\"pl_PL\" \/>\n<meta property=\"og:type\" content=\"article\" \/>\n<meta property=\"og:title\" content=\"Disclaimer - SCCL Site\" \/>\n<meta property=\"og:description\" content=\"SCCL Disclaimer for Continuing Education Courses &#038; Related Content The Saskatoon Colostrum Company Ltd.\u2019s (\u201cSCCL\u201d) Continuing Education Courses (the \u201cCourses\u201d), and all related informational material and content including, without limitation, SCCL\u2019s e-newsletter and display pages (\u201cRelated Content\u201d) which appear on www.sccl.com or any of its subdomains or are otherwise provided to users, are provided on [&hellip;]\" \/>\n<meta property=\"og:url\" content=\"https:\/\/sccl.com\/pl\/disclaimer\/\" \/>\n<meta property=\"og:site_name\" content=\"SCCL Site\" \/>\n<meta property=\"article:modified_time\" content=\"2024-01-15T12:44:57+00:00\" \/>\n<meta name=\"twitter:card\" content=\"summary_large_image\" \/>\n<meta name=\"twitter:label1\" content=\"Szacowany czas czytania\" \/>\n\t<meta name=\"twitter:data1\" content=\"2 minuty\" \/>\n<script type=\"application\/ld+json\" class=\"yoast-schema-graph\">{\"@context\":\"https:\\\/\\\/schema.org\",\"@graph\":[{\"@type\":\"WebPage\",\"@id\":\"https:\\\/\\\/sccl.com\\\/disclaimer\\\/\",\"url\":\"https:\\\/\\\/sccl.com\\\/disclaimer\\\/\",\"name\":\"Disclaimer - SCCL Site\",\"isPartOf\":{\"@id\":\"https:\\\/\\\/sccl.com\\\/#website\"},\"datePublished\":\"2023-12-08T11:34:17+00:00\",\"dateModified\":\"2024-01-15T12:44:57+00:00\",\"breadcrumb\":{\"@id\":\"https:\\\/\\\/sccl.com\\\/disclaimer\\\/#breadcrumb\"},\"inLanguage\":\"pl-PL\",\"potentialAction\":[{\"@type\":\"ReadAction\",\"target\":[\"https:\\\/\\\/sccl.com\\\/disclaimer\\\/\"]}]},{\"@type\":\"BreadcrumbList\",\"@id\":\"https:\\\/\\\/sccl.com\\\/disclaimer\\\/#breadcrumb\",\"itemListElement\":[{\"@type\":\"ListItem\",\"position\":1,\"name\":\"Home\",\"item\":\"https:\\\/\\\/sccl.com\\\/\"},{\"@type\":\"ListItem\",\"position\":2,\"name\":\"Disclaimer\"}]},{\"@type\":\"WebSite\",\"@id\":\"https:\\\/\\\/sccl.com\\\/#website\",\"url\":\"https:\\\/\\\/sccl.com\\\/\",\"name\":\"SCCL Site\",\"description\":\"\",\"publisher\":{\"@id\":\"https:\\\/\\\/sccl.com\\\/#organization\"},\"potentialAction\":[{\"@type\":\"SearchAction\",\"target\":{\"@type\":\"EntryPoint\",\"urlTemplate\":\"https:\\\/\\\/sccl.com\\\/?s={search_term_string}\"},\"query-input\":{\"@type\":\"PropertyValueSpecification\",\"valueRequired\":true,\"valueName\":\"search_term_string\"}}],\"inLanguage\":\"pl-PL\"},{\"@type\":\"Organization\",\"@id\":\"https:\\\/\\\/sccl.com\\\/#organization\",\"name\":\"SCCL Site\",\"url\":\"https:\\\/\\\/sccl.com\\\/\",\"logo\":{\"@type\":\"ImageObject\",\"inLanguage\":\"pl-PL\",\"@id\":\"https:\\\/\\\/sccl.com\\\/#\\\/schema\\\/logo\\\/image\\\/\",\"url\":\"https:\\\/\\\/sccl.com\\\/wp-content\\\/uploads\\\/2023\\\/05\\\/logo.png\",\"contentUrl\":\"https:\\\/\\\/sccl.com\\\/wp-content\\\/uploads\\\/2023\\\/05\\\/logo.png\",\"width\":100,\"height\":100,\"caption\":\"SCCL Site\"},\"image\":{\"@id\":\"https:\\\/\\\/sccl.com\\\/#\\\/schema\\\/logo\\\/image\\\/\"}}]}<\/script>\n<!-- \/ Yoast SEO plugin. -->","yoast_head_json":{"title":"Wy\u0142\u0105czenie odpowiedzialno\u015bci - Strona SCCL","robots":{"index":"index","follow":"follow","max-snippet":"max-snippet:-1","max-image-preview":"max-image-preview:large","max-video-preview":"max-video-preview:-1"},"canonical":"https:\/\/sccl.com\/pl\/disclaimer\/","og_locale":"pl_PL","og_type":"article","og_title":"Disclaimer - SCCL Site","og_description":"SCCL Disclaimer for Continuing Education Courses &#038; Related Content The Saskatoon Colostrum Company Ltd.\u2019s (\u201cSCCL\u201d) Continuing Education Courses (the \u201cCourses\u201d), and all related informational material and content including, without limitation, SCCL\u2019s e-newsletter and display pages (\u201cRelated Content\u201d) which appear on www.sccl.com or any of its subdomains or are otherwise provided to users, are provided on [&hellip;]","og_url":"https:\/\/sccl.com\/pl\/disclaimer\/","og_site_name":"SCCL Site","article_modified_time":"2024-01-15T12:44:57+00:00","twitter_card":"summary_large_image","twitter_misc":{"Szacowany czas czytania":"2 minuty"},"schema":{"@context":"https:\/\/schema.org","@graph":[{"@type":"WebPage","@id":"https:\/\/sccl.com\/disclaimer\/","url":"https:\/\/sccl.com\/disclaimer\/","name":"Wy\u0142\u0105czenie odpowiedzialno\u015bci - Strona SCCL","isPartOf":{"@id":"https:\/\/sccl.com\/#website"},"datePublished":"2023-12-08T11:34:17+00:00","dateModified":"2024-01-15T12:44:57+00:00","breadcrumb":{"@id":"https:\/\/sccl.com\/disclaimer\/#breadcrumb"},"inLanguage":"pl-PL","potentialAction":[{"@type":"ReadAction","target":["https:\/\/sccl.com\/disclaimer\/"]}]},{"@type":"BreadcrumbList","@id":"https:\/\/sccl.com\/disclaimer\/#breadcrumb","itemListElement":[{"@type":"ListItem","position":1,"name":"Home","item":"https:\/\/sccl.com\/"},{"@type":"ListItem","position":2,"name":"Disclaimer"}]},{"@type":"WebSite","@id":"https:\/\/sccl.com\/#website","url":"https:\/\/sccl.com\/","name":"Strona SCCL","description":"","publisher":{"@id":"https:\/\/sccl.com\/#organization"},"potentialAction":[{"@type":"SearchAction","target":{"@type":"EntryPoint","urlTemplate":"https:\/\/sccl.com\/?s={search_term_string}"},"query-input":{"@type":"PropertyValueSpecification","valueRequired":true,"valueName":"search_term_string"}}],"inLanguage":"pl-PL"},{"@type":"Organization","@id":"https:\/\/sccl.com\/#organization","name":"Strona SCCL","url":"https:\/\/sccl.com\/","logo":{"@type":"ImageObject","inLanguage":"pl-PL","@id":"https:\/\/sccl.com\/#\/schema\/logo\/image\/","url":"https:\/\/sccl.com\/wp-content\/uploads\/2023\/05\/logo.png","contentUrl":"https:\/\/sccl.com\/wp-content\/uploads\/2023\/05\/logo.png","width":100,"height":100,"caption":"SCCL Site"},"image":{"@id":"https:\/\/sccl.com\/#\/schema\/logo\/image\/"}}]}},"_links":{"self":[{"href":"https:\/\/sccl.com\/pl\/wp-json\/wp\/v2\/pages\/376","targetHints":{"allow":["GET"]}}],"collection":[{"href":"https:\/\/sccl.com\/pl\/wp-json\/wp\/v2\/pages"}],"about":[{"href":"https:\/\/sccl.com\/pl\/wp-json\/wp\/v2\/types\/page"}],"author":[{"embeddable":true,"href":"https:\/\/sccl.com\/pl\/wp-json\/wp\/v2\/users\/4"}],"replies":[{"embeddable":true,"href":"https:\/\/sccl.com\/pl\/wp-json\/wp\/v2\/comments?post=376"}],"version-history":[{"count":0,"href":"https:\/\/sccl.com\/pl\/wp-json\/wp\/v2\/pages\/376\/revisions"}],"wp:attachment":[{"href":"https:\/\/sccl.com\/pl\/wp-json\/wp\/v2\/media?parent=376"}],"curies":[{"name":"wp","href":"https:\/\/api.w.org\/{rel}","templated":true}]}}