{"id":376,"date":"2023-12-08T11:34:17","date_gmt":"2023-12-08T11:34:17","guid":{"rendered":"https:\/\/sccl.com\/?page_id=376"},"modified":"2024-01-15T12:44:57","modified_gmt":"2024-01-15T12:44:57","slug":"disclaimer","status":"publish","type":"page","link":"https:\/\/sccl.com\/pt\/disclaimer\/","title":{"rendered":"Isen\u00e7\u00e3o de responsabilidade"},"content":{"rendered":"<div data-elementor-type=\"wp-page\" data-elementor-id=\"376\" class=\"elementor elementor-376\" data-elementor-post-type=\"page\">\n\t\t\t\t<div class=\"elementor-element elementor-element-3b51429 e-flex e-con-boxed e-con e-parent\" data-id=\"3b51429\" data-element_type=\"container\" data-e-type=\"container\" data-settings=\"{&quot;jet_parallax_layout_list&quot;:[]}\">\n\t\t\t\t\t<div class=\"e-con-inner\">\n\t\t\t\t<div class=\"elementor-element elementor-element-b2b6afa elementor-widget elementor-widget-heading\" data-id=\"b2b6afa\" data-element_type=\"widget\" data-e-type=\"widget\" data-widget_type=\"heading.default\">\n\t\t\t\t<div class=\"elementor-widget-container\">\n\t\t\t\t\t<h2 class=\"elementor-heading-title elementor-size-default\">Isen\u00e7\u00e3o de responsabilidade da SCCL para cursos de educa\u00e7\u00e3o continuada e conte\u00fado relacionado<\/h2>\t\t\t\t<\/div>\n\t\t\t\t<\/div>\n\t\t\t\t<div data-dce-text-color=\"#797979\" class=\"elementor-element elementor-element-87eb105 elementor-widget elementor-widget-text-editor\" data-id=\"87eb105\" data-element_type=\"widget\" data-e-type=\"widget\" data-widget_type=\"text-editor.default\">\n\t\t\t\t<div class=\"elementor-widget-container\">\n\t\t\t\t\t\t\t\t\t<p>Os Cursos de Educa\u00e7\u00e3o Continuada da Saskatoon Colostrum Company Ltd. (\"SCCL\") (os \"Cursos\") e todo o material informativo e conte\u00fado relacionado, incluindo, sem limita\u00e7\u00e3o, o boletim eletr\u00f4nico da SCCL e as p\u00e1ginas de exibi\u00e7\u00e3o (\"Conte\u00fado Relacionado\") que aparecem no site www.sccl.com ou em qualquer um de seus subdom\u00ednios ou que s\u00e3o fornecidos de outra forma aos usu\u00e1rios, s\u00e3o fornecidos \"COMO EST\u00c3O\" e destinam-se apenas \u00e0 compreens\u00e3o e educa\u00e7\u00e3o geral do consumidor. Qualquer acesso aos Cursos ou ao Conte\u00fado Relacionado \u00e9 volunt\u00e1rio e por conta e risco exclusivo do usu\u00e1rio. A SCCL n\u00e3o faz representa\u00e7\u00f5es ou garantias de qualquer tipo, expressas ou impl\u00edcitas, sobre a integridade, precis\u00e3o, confiabilidade, adequa\u00e7\u00e3o ou disponibilidade com rela\u00e7\u00e3o aos Cursos ou Conte\u00fado Relacionado. Se o usu\u00e1rio n\u00e3o estiver satisfeito com os Cursos ou com o Conte\u00fado Relacionado, o \u00fanico e exclusivo recurso do usu\u00e1rio \u00e9 interromper o uso dos Cursos e do site.\u00a0<\/p><p>Nada contido nos Cursos ou no Conte\u00fado Relacionado deve ser considerado ou usado como substituto de aconselhamento, diagn\u00f3stico ou tratamento m\u00e9dico veterin\u00e1rio. As informa\u00e7\u00f5es fornecidas no site s\u00e3o apenas para fins educacionais e informativos e n\u00e3o substituem o aconselhamento profissional de um veterin\u00e1rio ou outro profissional. Os cursos e o conte\u00fado relacionado s\u00e3o projetados para educar os consumidores sobre os benef\u00edcios gerais do colostro que podem afetar a vida di\u00e1ria de seus animais. Este site e seus cursos n\u00e3o constituem a pr\u00e1tica de qualquer aconselhamento, diagn\u00f3stico ou tratamento m\u00e9dico veterin\u00e1rio ou de outro profissional de sa\u00fade veterin\u00e1ria. A SCCL se isenta de responsabilidade por quaisquer danos ou perdas, diretos ou indiretos, que possam resultar do uso ou da confian\u00e7a nas informa\u00e7\u00f5es contidas nos Cursos ou no Conte\u00fado Relacionado.\u00a0<\/p><p>Embora o acesso aos Cursos e ao Conte\u00fado Relacionado seja aberto a usu\u00e1rios de todo o mundo, a SCCL \u00e9 organizada de acordo com as leis do Canad\u00e1. Portanto, os termos desta isen\u00e7\u00e3o de responsabilidade ser\u00e3o regidos pelas leis de Saskatchewan, Canad\u00e1, no que se refere \u00e0 interpreta\u00e7\u00e3o, validade e efeito desta isen\u00e7\u00e3o de responsabilidade, n\u00e3o obstante e sem dar efeito a qualquer conflito de disposi\u00e7\u00f5es legais de seu domic\u00edlio, resid\u00eancia ou localiza\u00e7\u00e3o f\u00edsica. Voc\u00ea concorda em se submeter \u00e0 jurisdi\u00e7\u00e3o de Saskatchewan.\u00a0<\/p><p>A SCCL aconselha os consumidores a sempre buscarem a orienta\u00e7\u00e3o de um veterin\u00e1rio, especialista veterin\u00e1rio ou outro profissional de sa\u00fade veterin\u00e1ria qualificado em caso de d\u00favidas sobre a sa\u00fade ou as condi\u00e7\u00f5es m\u00e9dicas de um animal. Nunca desconsidere, evite ou atrase a obten\u00e7\u00e3o de orienta\u00e7\u00e3o m\u00e9dica de seu veterin\u00e1rio ou de outro profissional de sa\u00fade veterin\u00e1ria qualificado por causa de algo que tenha lido neste site.<\/p>\t\t\t\t\t\t\t\t<\/div>\n\t\t\t\t<\/div>\n\t\t\t\t\t<\/div>\n\t\t\t\t<\/div>\n\t\t<div class=\"elementor-element elementor-element-6b69f6e e-flex e-con-boxed e-con e-child\" data-id=\"6b69f6e\" data-element_type=\"container\" data-e-type=\"container\" data-settings=\"{&quot;jet_parallax_layout_list&quot;:[]}\">\n\t\t\t\t\t<div class=\"e-con-inner\">\n\t\t\t\t<div class=\"elementor-element elementor-element-264b631 elementor-align-left elementor-widget elementor-widget-button\" data-id=\"264b631\" data-element_type=\"widget\" data-e-type=\"widget\" data-widget_type=\"button.default\">\n\t\t\t\t<div class=\"elementor-widget-container\">\n\t\t\t\t\t\t\t\t\t<div class=\"elementor-button-wrapper\">\n\t\t\t\t\t<a class=\"elementor-button elementor-button-link elementor-size-lg\" href=\"https:\/\/sccl.com\/pt\/\">\n\t\t\t\t\t\t<span class=\"elementor-button-content-wrapper\">\n\t\t\t\t\t\t<span class=\"elementor-button-icon\">\n\t\t\t\t<svg xmlns=\"http:\/\/www.w3.org\/2000\/svg\" id=\"Layer_1\" viewbox=\"0 0 31 31\"><defs><style>.cls-1,.cls-2{fill:none;stroke:#181f24;stroke-linecap:round;stroke-linejoin:round;}.cls-2{stroke-width:2px;}<\/style><\/defs><g id=\"Icon_feather-arrow-right-circle\"><path id=\"Path_4159\" class=\"cls-1\" d=\"m.5,15.5c0,8.28,6.72,15,15,15s15-6.72,15-15S23.78.5,15.5.5.5,7.22.5,15.5Z\"><\/path><path id=\"Path_4160\" class=\"cls-2\" d=\"m15.5,20.15l-4.65-4.65,4.65-4.65\"><\/path><path id=\"Path_4161\" class=\"cls-2\" d=\"m20.14,15.5h-9.29\"><\/path><\/g><\/svg>\t\t\t<\/span>\n\t\t\t\t\t\t\t\t\t<span class=\"elementor-button-text\">Voltar para a p\u00e1gina inicial<\/span>\n\t\t\t\t\t<\/span>\n\t\t\t\t\t<\/a>\n\t\t\t\t<\/div>\n\t\t\t\t\t\t\t\t<\/div>\n\t\t\t\t<\/div>\n\t\t\t\t\t<\/div>\n\t\t\t\t<\/div>\n\t\t\t\t<\/div>","protected":false},"excerpt":{"rendered":"<p>SCCL Disclaimer for Continuing Education Courses &#038; Related Content The Saskatoon Colostrum Company Ltd.\u2019s (\u201cSCCL\u201d) Continuing Education Courses (the \u201cCourses\u201d), and all related informational material and content including, without limitation, SCCL\u2019s e-newsletter and display pages (\u201cRelated Content\u201d) which appear on www.sccl.com or any of its subdomains or are otherwise provided to users, are provided on [&hellip;]<\/p>\n","protected":false},"author":4,"featured_media":0,"parent":0,"menu_order":0,"comment_status":"closed","ping_status":"closed","template":"","meta":{"_acf_changed":false,"content-type":"","_monsterinsights_skip_tracking":false,"_monsterinsights_sitenote_active":false,"_monsterinsights_sitenote_note":"","_monsterinsights_sitenote_category":0,"footnotes":""},"class_list":["post-376","page","type-page","status-publish","hentry"],"acf":[],"yoast_head":"<!-- This site is optimized with the Yoast SEO plugin v27.3 - https:\/\/yoast.com\/product\/yoast-seo-wordpress\/ -->\n<title>Disclaimer - SCCL Site<\/title>\n<meta name=\"robots\" content=\"index, follow, max-snippet:-1, max-image-preview:large, max-video-preview:-1\" \/>\n<link rel=\"canonical\" href=\"https:\/\/sccl.com\/pt\/disclaimer\/\" \/>\n<meta property=\"og:locale\" content=\"pt_BR\" \/>\n<meta property=\"og:type\" content=\"article\" \/>\n<meta property=\"og:title\" content=\"Disclaimer - SCCL Site\" \/>\n<meta property=\"og:description\" content=\"SCCL Disclaimer for Continuing Education Courses &#038; Related Content The Saskatoon Colostrum Company Ltd.\u2019s (\u201cSCCL\u201d) Continuing Education Courses (the \u201cCourses\u201d), and all related informational material and content including, without limitation, SCCL\u2019s e-newsletter and display pages (\u201cRelated Content\u201d) which appear on www.sccl.com or any of its subdomains or are otherwise provided to users, are provided on [&hellip;]\" \/>\n<meta property=\"og:url\" content=\"https:\/\/sccl.com\/pt\/disclaimer\/\" \/>\n<meta property=\"og:site_name\" content=\"SCCL Site\" \/>\n<meta property=\"article:modified_time\" content=\"2024-01-15T12:44:57+00:00\" \/>\n<meta name=\"twitter:card\" content=\"summary_large_image\" \/>\n<meta name=\"twitter:label1\" content=\"Est. tempo de leitura\" \/>\n\t<meta name=\"twitter:data1\" content=\"2 minutos\" \/>\n<script type=\"application\/ld+json\" class=\"yoast-schema-graph\">{\"@context\":\"https:\\\/\\\/schema.org\",\"@graph\":[{\"@type\":\"WebPage\",\"@id\":\"https:\\\/\\\/sccl.com\\\/disclaimer\\\/\",\"url\":\"https:\\\/\\\/sccl.com\\\/disclaimer\\\/\",\"name\":\"Disclaimer - SCCL Site\",\"isPartOf\":{\"@id\":\"https:\\\/\\\/sccl.com\\\/#website\"},\"datePublished\":\"2023-12-08T11:34:17+00:00\",\"dateModified\":\"2024-01-15T12:44:57+00:00\",\"breadcrumb\":{\"@id\":\"https:\\\/\\\/sccl.com\\\/disclaimer\\\/#breadcrumb\"},\"inLanguage\":\"pt-BR\",\"potentialAction\":[{\"@type\":\"ReadAction\",\"target\":[\"https:\\\/\\\/sccl.com\\\/disclaimer\\\/\"]}]},{\"@type\":\"BreadcrumbList\",\"@id\":\"https:\\\/\\\/sccl.com\\\/disclaimer\\\/#breadcrumb\",\"itemListElement\":[{\"@type\":\"ListItem\",\"position\":1,\"name\":\"Home\",\"item\":\"https:\\\/\\\/sccl.com\\\/\"},{\"@type\":\"ListItem\",\"position\":2,\"name\":\"Disclaimer\"}]},{\"@type\":\"WebSite\",\"@id\":\"https:\\\/\\\/sccl.com\\\/#website\",\"url\":\"https:\\\/\\\/sccl.com\\\/\",\"name\":\"SCCL Site\",\"description\":\"\",\"publisher\":{\"@id\":\"https:\\\/\\\/sccl.com\\\/#organization\"},\"potentialAction\":[{\"@type\":\"SearchAction\",\"target\":{\"@type\":\"EntryPoint\",\"urlTemplate\":\"https:\\\/\\\/sccl.com\\\/?s={search_term_string}\"},\"query-input\":{\"@type\":\"PropertyValueSpecification\",\"valueRequired\":true,\"valueName\":\"search_term_string\"}}],\"inLanguage\":\"pt-BR\"},{\"@type\":\"Organization\",\"@id\":\"https:\\\/\\\/sccl.com\\\/#organization\",\"name\":\"SCCL Site\",\"url\":\"https:\\\/\\\/sccl.com\\\/\",\"logo\":{\"@type\":\"ImageObject\",\"inLanguage\":\"pt-BR\",\"@id\":\"https:\\\/\\\/sccl.com\\\/#\\\/schema\\\/logo\\\/image\\\/\",\"url\":\"https:\\\/\\\/sccl.com\\\/wp-content\\\/uploads\\\/2023\\\/05\\\/logo.png\",\"contentUrl\":\"https:\\\/\\\/sccl.com\\\/wp-content\\\/uploads\\\/2023\\\/05\\\/logo.png\",\"width\":100,\"height\":100,\"caption\":\"SCCL Site\"},\"image\":{\"@id\":\"https:\\\/\\\/sccl.com\\\/#\\\/schema\\\/logo\\\/image\\\/\"}}]}<\/script>\n<!-- \/ Yoast SEO plugin. -->","yoast_head_json":{"title":"Isen\u00e7\u00e3o de responsabilidade - Site da SCCL","robots":{"index":"index","follow":"follow","max-snippet":"max-snippet:-1","max-image-preview":"max-image-preview:large","max-video-preview":"max-video-preview:-1"},"canonical":"https:\/\/sccl.com\/pt\/disclaimer\/","og_locale":"pt_BR","og_type":"article","og_title":"Disclaimer - SCCL Site","og_description":"SCCL Disclaimer for Continuing Education Courses &#038; Related Content The Saskatoon Colostrum Company Ltd.\u2019s (\u201cSCCL\u201d) Continuing Education Courses (the \u201cCourses\u201d), and all related informational material and content including, without limitation, SCCL\u2019s e-newsletter and display pages (\u201cRelated Content\u201d) which appear on www.sccl.com or any of its subdomains or are otherwise provided to users, are provided on [&hellip;]","og_url":"https:\/\/sccl.com\/pt\/disclaimer\/","og_site_name":"SCCL Site","article_modified_time":"2024-01-15T12:44:57+00:00","twitter_card":"summary_large_image","twitter_misc":{"Est. tempo de leitura":"2 minutos"},"schema":{"@context":"https:\/\/schema.org","@graph":[{"@type":"WebPage","@id":"https:\/\/sccl.com\/disclaimer\/","url":"https:\/\/sccl.com\/disclaimer\/","name":"Isen\u00e7\u00e3o de responsabilidade - Site da SCCL","isPartOf":{"@id":"https:\/\/sccl.com\/#website"},"datePublished":"2023-12-08T11:34:17+00:00","dateModified":"2024-01-15T12:44:57+00:00","breadcrumb":{"@id":"https:\/\/sccl.com\/disclaimer\/#breadcrumb"},"inLanguage":"pt-BR","potentialAction":[{"@type":"ReadAction","target":["https:\/\/sccl.com\/disclaimer\/"]}]},{"@type":"BreadcrumbList","@id":"https:\/\/sccl.com\/disclaimer\/#breadcrumb","itemListElement":[{"@type":"ListItem","position":1,"name":"Home","item":"https:\/\/sccl.com\/"},{"@type":"ListItem","position":2,"name":"Disclaimer"}]},{"@type":"WebSite","@id":"https:\/\/sccl.com\/#website","url":"https:\/\/sccl.com\/","name":"Site da SCCL","description":"","publisher":{"@id":"https:\/\/sccl.com\/#organization"},"potentialAction":[{"@type":"SearchAction","target":{"@type":"EntryPoint","urlTemplate":"https:\/\/sccl.com\/?s={search_term_string}"},"query-input":{"@type":"PropertyValueSpecification","valueRequired":true,"valueName":"search_term_string"}}],"inLanguage":"pt-BR"},{"@type":"Organization","@id":"https:\/\/sccl.com\/#organization","name":"Site da SCCL","url":"https:\/\/sccl.com\/","logo":{"@type":"ImageObject","inLanguage":"pt-BR","@id":"https:\/\/sccl.com\/#\/schema\/logo\/image\/","url":"https:\/\/sccl.com\/wp-content\/uploads\/2023\/05\/logo.png","contentUrl":"https:\/\/sccl.com\/wp-content\/uploads\/2023\/05\/logo.png","width":100,"height":100,"caption":"SCCL Site"},"image":{"@id":"https:\/\/sccl.com\/#\/schema\/logo\/image\/"}}]}},"_links":{"self":[{"href":"https:\/\/sccl.com\/pt\/wp-json\/wp\/v2\/pages\/376","targetHints":{"allow":["GET"]}}],"collection":[{"href":"https:\/\/sccl.com\/pt\/wp-json\/wp\/v2\/pages"}],"about":[{"href":"https:\/\/sccl.com\/pt\/wp-json\/wp\/v2\/types\/page"}],"author":[{"embeddable":true,"href":"https:\/\/sccl.com\/pt\/wp-json\/wp\/v2\/users\/4"}],"replies":[{"embeddable":true,"href":"https:\/\/sccl.com\/pt\/wp-json\/wp\/v2\/comments?post=376"}],"version-history":[{"count":0,"href":"https:\/\/sccl.com\/pt\/wp-json\/wp\/v2\/pages\/376\/revisions"}],"wp:attachment":[{"href":"https:\/\/sccl.com\/pt\/wp-json\/wp\/v2\/media?parent=376"}],"curies":[{"name":"wp","href":"https:\/\/api.w.org\/{rel}","templated":true}]}}